{"id":730,"date":"2010-10-12T11:49:13","date_gmt":"2010-10-12T09:49:13","guid":{"rendered":"http:\/\/www.autocv.ro\/?page_id=730"},"modified":"2014-01-17T11:59:34","modified_gmt":"2014-01-17T09:59:34","slug":"proiect-posdru232-2g12055","status":"publish","type":"page","link":"https:\/\/www.autocv.ro\/?page_id=730","title":{"rendered":"PROIECTE &#8211; POSDRU"},"content":{"rendered":"<div class=\"fcbkbttn_buttons_block\" id=\"fcbkbttn_left\"><div class=\"fcbkbttn_button\">\n                            <a href=\"https:\/\/www.facebook.com\/Lttauto-Craiova\" target=\"_blank\">\n                                <img decoding=\"async\" src=\"https:\/\/www.autocv.ro\/wp-content\/plugins\/facebook-button-plugin\/images\/standard-facebook-ico.png\" alt=\"Fb-Button\" \/>\n                            <\/a>\n                        <\/div><div class=\"fcbkbttn_like \"><fb:like href=\"https:\/\/www.autocv.ro\/?page_id=730\" action=\"like\" colorscheme=\"light\" layout=\"standard\"  width=\"225px\" size=\"small\"><\/fb:like><\/div><div class=\"fb-share-button  \" data-href=\"https:\/\/www.autocv.ro\/?page_id=730\" data-type=\"button_count\" data-size=\"small\"><\/div><\/div><p><strong>1. Proiect cofinan\u0163at din Fondul Social European prin Programul Opera\u0163ional Sectorial pentru Dezvoltarea Resurselor Umane 2007 \u2013 2013<\/strong><\/p>\n<p><strong>Axa prioritar\u0103:2<\/strong><\/p>\n<p><strong>Domeniul major de interven\u0163ie:2.2<\/strong><\/p>\n<p><strong>Titlul proiectului: \u201c\u015ecoala dup\u0103 \u015fcoal\u0103 &#8211; o modalitate de \u00eenv\u0103\u0163are, aprofundare, comunicare \u015fi relaxare\u201d<\/strong><\/p>\n<p><strong>Cod Contract: POSDRU\/23\/2.2\/G\/12055 <\/strong><\/p>\n<p><strong>Beneficiar: Grupul \u015ecolar de Transporturi Auto<\/strong><\/p>\n<p><strong><a href=\"http:\/\/www.autocv.ro\/wp-content\/uploads\/2010\/10\/PROIECTE-europene.doc.pdf\" target=\"_self\">2. PROIECTE EUROPENE<\/a><\/strong><\/p>\n","protected":false},"excerpt":{"rendered":"<p>1. Proiect cofinan\u0163at din Fondul Social European prin Programul Opera\u0163ional Sectorial pentru Dezvoltarea Resurselor Umane 2007 \u2013 2013 Axa prioritar\u0103:2 Domeniul major de interven\u0163ie:2.2 Titlul proiectului: \u201c\u015ecoala dup\u0103 \u015fcoal\u0103 &#8211; o modalitate de \u00eenv\u0103\u0163are, aprofundare, comunicare \u015fi relaxare\u201d Cod Contract: POSDRU\/23\/2.2\/G\/12055 Beneficiar: Grupul \u015ecolar de Transporturi Auto 2. PROIECTE EUROPENE<\/p>\n","protected":false},"author":15,"featured_media":0,"parent":0,"menu_order":1,"comment_status":"closed","ping_status":"closed","template":"","meta":{"footnotes":"","_links_to":"","_links_to_target":""},"class_list":["post-730","page","type-page","status-publish","hentry"],"_links":{"self":[{"href":"https:\/\/www.autocv.ro\/index.php?rest_route=\/wp\/v2\/pages\/730","targetHints":{"allow":["GET"]}}],"collection":[{"href":"https:\/\/www.autocv.ro\/index.php?rest_route=\/wp\/v2\/pages"}],"about":[{"href":"https:\/\/www.autocv.ro\/index.php?rest_route=\/wp\/v2\/types\/page"}],"author":[{"embeddable":true,"href":"https:\/\/www.autocv.ro\/index.php?rest_route=\/wp\/v2\/users\/15"}],"replies":[{"embeddable":true,"href":"https:\/\/www.autocv.ro\/index.php?rest_route=%2Fwp%2Fv2%2Fcomments&post=730"}],"version-history":[{"count":5,"href":"https:\/\/www.autocv.ro\/index.php?rest_route=\/wp\/v2\/pages\/730\/revisions"}],"predecessor-version":[{"id":1275,"href":"https:\/\/www.autocv.ro\/index.php?rest_route=\/wp\/v2\/pages\/730\/revisions\/1275"}],"wp:attachment":[{"href":"https:\/\/www.autocv.ro\/index.php?rest_route=%2Fwp%2Fv2%2Fmedia&parent=730"}],"curies":[{"name":"wp","href":"https:\/\/api.w.org\/{rel}","templated":true}]}}