{"id":5588,"date":"2025-02-17T13:37:19","date_gmt":"2025-02-17T11:37:19","guid":{"rendered":"https:\/\/www.autocv.ro\/?page_id=5588"},"modified":"2026-03-09T11:41:54","modified_gmt":"2026-03-09T09:41:54","slug":"cereri-oferte-de-angajare","status":"publish","type":"page","link":"https:\/\/www.autocv.ro\/?page_id=5588","title":{"rendered":"OFERTE DE ANGAJARE"},"content":{"rendered":"<div class=\"fcbkbttn_buttons_block\" id=\"fcbkbttn_left\"><div class=\"fcbkbttn_button\">\n                            <a href=\"https:\/\/www.facebook.com\/Lttauto-Craiova\" target=\"_blank\">\n                                <img decoding=\"async\" src=\"https:\/\/www.autocv.ro\/wp-content\/plugins\/facebook-button-plugin\/images\/standard-facebook-ico.png\" alt=\"Fb-Button\" \/>\n                            <\/a>\n                        <\/div><div class=\"fcbkbttn_like \"><fb:like href=\"https:\/\/www.autocv.ro\/?page_id=5588\" action=\"like\" colorscheme=\"light\" layout=\"standard\"  width=\"225px\" size=\"small\"><\/fb:like><\/div><div class=\"fb-share-button  \" data-href=\"https:\/\/www.autocv.ro\/?page_id=5588\" data-type=\"button_count\" data-size=\"small\"><\/div><\/div>\n<div class=\"wp-block-media-text is-stacked-on-mobile\"><figure class=\"wp-block-media-text__media\"><img fetchpriority=\"high\" decoding=\"async\" width=\"284\" height=\"177\" src=\"https:\/\/www.autocv.ro\/wp-content\/uploads\/2026\/02\/mediu.jpg\" alt=\"\" class=\"wp-image-5819 size-full\"\/><\/figure><div class=\"wp-block-media-text__content\">\n<p class=\"has-vivid-red-color has-text-color has-link-color wp-elements-d33bc6213a5a20d152a42b79e742ce64\"><strong><a href=\"http:\/\/www.autocv.ro\/wp-content\/uploads\/2026\/02\/EDUCATIE-PENTRU-MEDIU-SI-SCHIMBARI-CLIMATICE.pdf\">EDUCA\u021aIE PENTRU MEDIU \u0218I SCHIMB\u0102RI   CLIMATICE<\/a><\/strong><\/p>\n\n\n\n<p class=\"has-vivid-purple-color has-text-color has-link-color wp-elements-bbb170fcb2d24f9f1bf56c51b4083ebb\"><strong><a href=\"https:\/\/saptamanaverde.edu.ro\/ro\/strategia-nationala-privind-educatia-pentru-mediu-si-schimbari-climatice\">Strategia Na\u021bional\u0103 privind Educa\u021bia pentru mediu \u0219i schimb\u0103ri climatice 2023 &#8211; 2030<\/a><\/strong><\/p>\n<\/div><\/div>\n\n\n\n<div class=\"wp-block-group\"><div class=\"wp-block-group__inner-container is-layout-constrained wp-block-group-is-layout-constrained\">\n<p class=\"has-vivid-red-color has-pale-cyan-blue-background-color has-text-color has-background has-link-color wp-elements-383557518eb28790abc69f41ee8bd8ce\"><a href=\"#\"><br><\/a><strong>SC. AUTONET SRL<\/strong><\/p>\n<\/div><\/div>\n\n\n\n<div class=\"wp-block-group\"><div class=\"wp-block-group__inner-container is-layout-constrained wp-block-group-is-layout-constrained\">\n<p class=\"has-vivid-red-color has-light-green-cyan-background-color has-text-color has-background has-link-color wp-elements-4555a780e6bbc2fc05ce1099e067a2f8\"><strong>SC APX GROUP SRL<\/strong><\/p>\n<\/div><\/div>\n\n\n\n<div class=\"wp-block-group\"><div class=\"wp-block-group__inner-container is-layout-constrained wp-block-group-is-layout-constrained\">\n<p class=\"has-vivid-red-color has-luminous-vivid-amber-background-color has-text-color has-background has-link-color wp-elements-a0e8bf05c6ffe887da4fa486417bfa56\"><strong><a href=\"http:\/\/www.autocv.ro\/wp-content\/uploads\/2025\/09\/OFERTA-DE-ANGAJARE-EUROTEHNICA.pdf\">SC EUROTEHNICA IT&amp;C<\/a><\/strong><\/p>\n<\/div><\/div>\n\n\n\n<div class=\"wp-block-group\"><div class=\"wp-block-group__inner-container is-layout-constrained wp-block-group-is-layout-constrained\">\n<p class=\"has-vivid-purple-color has-light-green-cyan-background-color has-text-color has-background has-link-color wp-elements-420fe054b8a196c5932e5b3bff95e502\"><strong>SC REDAC SRL<\/strong><\/p>\n<\/div><\/div>\n\n\n\n<div class=\"wp-block-group\"><div class=\"wp-block-group__inner-container is-layout-constrained wp-block-group-is-layout-constrained\">\n<p class=\"has-black-color has-pale-cyan-blue-background-color has-text-color has-background has-link-color wp-elements-975d8fd1b366a949ee115871479b55ca\"><strong>SC CASA NOASTR\u0102 SRL<\/strong><\/p>\n<\/div><\/div>\n\n\n\n<div class=\"wp-block-group\"><div class=\"wp-block-group__inner-container is-layout-constrained wp-block-group-is-layout-constrained\">\n<p class=\"has-black-color has-pale-pink-background-color has-text-color has-background has-link-color wp-elements-bcead05d8ea100708d7aec54c8d99755\"><strong><a href=\"http:\/\/www.autocv.ro\/wp-content\/uploads\/2025\/09\/OFERTA-DE-ANGAJARE-REALINK.pdf\">SC REALINK SRL<\/a><\/strong><\/p>\n<\/div><\/div>\n\n\n\n<div class=\"wp-block-group\"><div class=\"wp-block-group__inner-container is-layout-constrained wp-block-group-is-layout-constrained\">\n<p class=\"has-vivid-cyan-blue-color has-luminous-vivid-amber-background-color has-text-color has-background has-link-color wp-elements-6cfe10c45c4f71d8bbac61b0071e88c2\"><strong><a href=\"http:\/\/www.autocv.ro\/wp-content\/uploads\/2025\/09\/OFERTA-DE-ANGAJARE-AUTOPROMESINA.pdf\">SC AUTOPROMESSINA SRL<\/a><\/strong><\/p>\n\n\n\n<figure class=\"wp-block-image size-full\"><a href=\"https:\/\/www.autocv.ro\/wp-content\/uploads\/2025\/06\/auto-pro-messina.jpg\"><img decoding=\"async\" width=\"195\" height=\"80\" src=\"https:\/\/www.autocv.ro\/wp-content\/uploads\/2025\/06\/auto-pro-messina.jpg\" alt=\"\" class=\"wp-image-5698\"\/><\/a><\/figure>\n<\/div><\/div>\n\n\n\n<div class=\"wp-block-group\"><div class=\"wp-block-group__inner-container is-layout-constrained wp-block-group-is-layout-constrained\">\n<p class=\"has-vivid-red-color has-light-green-cyan-background-color has-text-color has-background has-link-color wp-elements-c8414b44c9e0ff98487ddd74dc4ab7fe\"><strong>SC SDTV CONCEPT SRL<\/strong><\/p>\n<\/div><\/div>\n\n\n\n<div class=\"wp-block-group\"><div class=\"wp-block-group__inner-container is-layout-constrained wp-block-group-is-layout-constrained\">\n<p class=\"has-vivid-red-color has-luminous-vivid-amber-background-color has-text-color has-background has-link-color wp-elements-34d65dea6a0b1696b47a87807f3cf53a\"><strong>SC ICHECK CENTER SRL<\/strong><\/p>\n<\/div><\/div>\n\n\n\n<div class=\"wp-block-group\"><div class=\"wp-block-group__inner-container is-layout-constrained wp-block-group-is-layout-constrained\">\n<p class=\"has-vivid-purple-color has-luminous-vivid-amber-background-color has-text-color has-background has-link-color wp-elements-332105c53b44a049a8720bd16ecf7113\"><strong>SC TAVIANDRA SRL<\/strong><\/p>\n<\/div><\/div>\n\n\n\n<div class=\"wp-block-group\"><div class=\"wp-block-group__inner-container is-layout-constrained wp-block-group-is-layout-constrained\">\n<p class=\"has-vivid-cyan-blue-color has-pale-cyan-blue-background-color has-text-color has-background has-link-color wp-elements-bfd4f25ee723b1e8bd85b76b4840198b\"><strong>SC NORDSERVICE SRL<\/strong><\/p>\n<\/div><\/div>\n\n\n\n<p><\/p>\n\n\n\n<p class=\"has-large-font-size\"><strong>CERERI DE ANGAJARE<\/strong><\/p>\n\n\n\n<p class=\"has-vivid-red-color has-light-green-cyan-background-color has-text-color has-background has-link-color wp-elements-2fd445cc6d6a346674544764e9590348\"><strong>-Barbu Mihai Alexandru;<\/strong><\/p>\n\n\n\n<p class=\"has-vivid-red-color has-light-green-cyan-background-color has-text-color has-background has-link-color wp-elements-c49b5aa289ffb4249db05e817b95343e\"><strong>-Barz\u0103 George C\u0103t\u0103lin;<\/strong><\/p>\n\n\n\n<p class=\"has-vivid-red-color has-light-green-cyan-background-color has-text-color has-background has-link-color wp-elements-b81bf887156221deb654468dbd01f82b\"><strong>-Brozban \u0218tef\u0103ni\u021b\u0103 Mih\u0103i\u021b\u0103;<\/strong><\/p>\n\n\n\n<p class=\"has-vivid-red-color has-light-green-cyan-background-color has-text-color has-background has-link-color wp-elements-793bf563f390c360d4e3c2e1a08a6d50\"><strong>-Cojocaru Ion Alexandru;<\/strong><\/p>\n\n\n\n<p class=\"has-vivid-red-color has-light-green-cyan-background-color has-text-color has-background has-link-color wp-elements-484ce6a134f7e72bfea6943dcf3d0cd4\"><strong>-Cristea Marian Adrian;<\/strong><\/p>\n\n\n\n<p class=\"has-vivid-red-color has-light-green-cyan-background-color has-text-color has-background has-link-color wp-elements-7fea18587b8af59e282b5078e06c53b8\">&#8211;<strong>Criveanu Octavian \u0218tefan<\/strong><\/p>\n\n\n\n<p class=\"has-vivid-red-color has-light-green-cyan-background-color has-text-color has-background has-link-color wp-elements-443e99a9296a75ac833b86707ed32a28\"><strong>-D\u0103nac\u0103 Cosmin Radu<\/strong>;<\/p>\n\n\n\n<p class=\"has-vivid-red-color has-light-green-cyan-background-color has-text-color has-background has-link-color wp-elements-4361aaf5917ff8be20166e2fd396438c\"><strong>-Gaicu Alex Valentin;<\/strong><\/p>\n\n\n\n<p class=\"has-vivid-red-color has-light-green-cyan-background-color has-text-color has-background has-link-color wp-elements-c259664442cd9033e4feff31b32eb3db\"><strong>-Iancu Costinel Lauren\u021biu;<\/strong><\/p>\n\n\n\n<p class=\"has-vivid-red-color has-light-green-cyan-background-color has-text-color has-background has-link-color wp-elements-3e07a606f431b585a389db89c9740526\"><strong>-Micu Cristian Mihai;<\/strong><\/p>\n\n\n\n<p class=\"has-vivid-red-color has-light-green-cyan-background-color has-text-color has-background has-link-color wp-elements-2d9a37c60f54c2a2de4ca292bc052967\"><strong>-Mutulescu Bogdan \u0218tef\u0103ni\u021b\u0103 &#8211; Angajat SC EUROTEHNICA <strong><a href=\"http:\/\/www.autocv.ro\/wp-content\/uploads\/2025\/09\/OFERTA-DE-ANGAJARE-EUROTEHNICA.pdf\">IT&amp;C<\/a><\/strong>;<\/strong><\/p>\n\n\n\n<p class=\"has-vivid-red-color has-light-green-cyan-background-color has-text-color has-background has-link-color wp-elements-9ebc389178650de3d720df361aeec0fc\"><strong>-Obaciu Irinel;<\/strong><\/p>\n\n\n\n<p class=\"has-vivid-red-color has-light-green-cyan-background-color has-text-color has-background has-link-color wp-elements-467624e2e9949d58197b86a731cbdad2\"><strong>-Pachia Alexandru Ionu\u021b;<\/strong><\/p>\n\n\n\n<p class=\"has-vivid-red-color has-light-green-cyan-background-color has-text-color has-background has-link-color wp-elements-0f9d595fced1e22d4c690d407e7321c3\"><strong>-Pandia Iuli C\u0103t\u0103lin;<\/strong><\/p>\n\n\n\n<p class=\"has-vivid-red-color has-light-green-cyan-background-color has-text-color has-background has-link-color wp-elements-867af80870c5f6f83630e20705cd7081\"><strong>-P\u0103unoiu Melisa Florentina;<\/strong><\/p>\n\n\n\n<p class=\"has-vivid-red-color has-light-green-cyan-background-color has-text-color has-background has-link-color wp-elements-7ac7a7212301b5020c42ecd050e15cc4\"><strong>-Pogonici Alexandru Emanuel;<\/strong><\/p>\n\n\n\n<p class=\"has-vivid-red-color has-light-green-cyan-background-color has-text-color has-background has-link-color wp-elements-bfa4556811e41f62d738a6031f38658c\"><strong>-R\u0103dulescu Marian Dorian;<\/strong><\/p>\n\n\n\n<p class=\"has-vivid-red-color has-light-green-cyan-background-color has-text-color has-background has-link-color wp-elements-42ab1f4b86f533ad0ff0a3d37d14e023\"><strong>-Tranc\u0103 David Daniel;<\/strong><\/p>\n\n\n\n<p class=\"has-vivid-red-color has-light-green-cyan-background-color has-text-color has-background has-link-color wp-elements-25cad717d1ceb73d6554afe48b39d4ad\"><strong>-Verde Ionu\u021b Florentin;<\/strong><\/p>\n\n\n\n<p class=\"has-vivid-red-color has-light-green-cyan-background-color has-text-color has-background has-link-color wp-elements-cc0003903439296f649e05dee0352a43\"><strong>-Vl\u0103du\u021bu Florin Gabriel;<\/strong><\/p>\n\n\n\n<p class=\"has-vivid-red-color has-light-green-cyan-background-color has-text-color has-background has-link-color wp-elements-f141e154802016ac3910cbefcacb1237\"><strong>-Zlate Alexandru;<\/strong><\/p>\n\n\n\n<div class=\"wp-block-group\"><div class=\"wp-block-group__inner-container is-layout-constrained wp-block-group-is-layout-constrained\">\n<p class=\"has-vivid-red-color has-pale-cyan-blue-background-color has-text-color has-background has-link-color wp-elements-f8939cfb06826d1103b84892d2f29fc3\"><a href=\"http:\/\/www.autocv.ro\/wp-content\/uploads\/2025\/06\/Ghita-Marinela.pdf\">&#8211;<strong>Ghita Marinela Bianca;<\/strong><\/a><\/p>\n<\/div><\/div>\n\n\n\n<div class=\"wp-block-group\"><div class=\"wp-block-group__inner-container is-layout-constrained wp-block-group-is-layout-constrained\">\n<p class=\"has-vivid-red-color has-pale-cyan-blue-background-color has-text-color has-background has-link-color wp-elements-9e077330cdcd81f038d7b91087ac316e\"><strong>-Cimpoeru Nicolae Robert;<\/strong><\/p>\n<\/div><\/div>\n\n\n\n<div class=\"wp-block-group\"><div class=\"wp-block-group__inner-container is-layout-constrained wp-block-group-is-layout-constrained\">\n<p class=\"has-vivid-red-color has-pale-cyan-blue-background-color has-text-color has-background has-link-color wp-elements-94dab9210d151a7ba0d635b55ba17d69\"><strong>-Prodan Vlad Ionu\u021b;<\/strong><\/p>\n<\/div><\/div>\n\n\n\n<div class=\"wp-block-group\"><div class=\"wp-block-group__inner-container is-layout-constrained wp-block-group-is-layout-constrained\">\n<p class=\"has-vivid-red-color has-pale-cyan-blue-background-color has-text-color has-background has-link-color wp-elements-77e0824b0947895ae92264c09d948378\">&#8211;<strong><a href=\"http:\/\/www.autocv.ro\/wp-content\/uploads\/2025\/07\/Stoian-Mario-Costinel.pdf\">Stoian Mario Costinel;<\/a><\/strong><\/p>\n<\/div><\/div>\n\n\n\n<div class=\"wp-block-group\"><div class=\"wp-block-group__inner-container is-layout-constrained wp-block-group-is-layout-constrained\">\n<p class=\"has-vivid-red-color has-pale-cyan-blue-background-color has-text-color has-background has-link-color wp-elements-745ac09bc0fa53054ada5f59ec0bcf0e\"><a href=\"http:\/\/www.autocv.ro\/wp-content\/uploads\/2025\/08\/diosteanu.pdf\"><strong>Dio\u0219teanu Alin Daniel<\/strong><\/a><\/p>\n<\/div><\/div>\n\n\n\n<div class=\"wp-block-group\"><div class=\"wp-block-group__inner-container is-layout-constrained wp-block-group-is-layout-constrained\">\n<p class=\"has-vivid-red-color has-pale-cyan-blue-background-color has-text-color has-background has-link-color wp-elements-66d24ea7730cf9057f4dff2364e327f8\"><strong><a href=\"http:\/\/www.autocv.ro\/wp-content\/uploads\/2025\/08\/CAZACU-A_CV.pdf\">Cazacu Ioan Marius Andrei<\/a><\/strong><\/p>\n<\/div><\/div>\n\n\n\n<div class=\"wp-block-group\"><div class=\"wp-block-group__inner-container is-layout-constrained wp-block-group-is-layout-constrained\">\n<p class=\"has-vivid-red-color has-pale-cyan-blue-background-color has-text-color has-background has-link-color wp-elements-bd4266b51485fb421aeea78f87de5585\"><strong><a href=\"http:\/\/www.autocv.ro\/wp-content\/uploads\/2025\/08\/OLTEANU_CV.pdf\">Olteanu Ciprian Gabriel<\/a><\/strong><\/p>\n<\/div><\/div>\n\n\n\n<div class=\"wp-block-group\"><div class=\"wp-block-group__inner-container is-layout-constrained wp-block-group-is-layout-constrained\">\n<p class=\"has-vivid-red-color has-pale-cyan-blue-background-color has-text-color has-background has-link-color wp-elements-4026cc5f9ab395f68705f3228e43ef42\"><strong><a href=\"http:\/\/www.autocv.ro\/wp-content\/uploads\/2025\/08\/Ardelean_CV.pdf\">Ardelean Vergil Ionu\u021b<\/a><\/strong><\/p>\n<\/div><\/div>\n\n\n\n<p class=\"has-vivid-red-color has-luminous-vivid-amber-background-color has-text-color has-background has-link-color wp-elements-d84f916ecd8dff6f79c4ab9f60d58bf6\"><strong><a href=\"http:\/\/www.autocv.ro\/wp-content\/uploads\/2025\/08\/BULDUR.pdf\">Buldur Ionel Cosmin<\/a><\/strong><\/p>\n\n\n\n<p class=\"has-vivid-red-color has-luminous-vivid-amber-background-color has-text-color has-background has-link-color wp-elements-bfe83a67a2b57be09e8c966083e823b0\"><strong><a href=\"http:\/\/www.autocv.ro\/wp-content\/uploads\/2025\/08\/MANEA.pdf\">Manea Marius Irinel<\/a><\/strong><\/p>\n\n\n\n<p class=\"has-vivid-red-color has-luminous-vivid-amber-background-color has-text-color has-background has-link-color wp-elements-d5692022fa070d2d5006e76bb30e8745\"><strong><a href=\"http:\/\/www.autocv.ro\/wp-content\/uploads\/2025\/08\/MARICA.pdf\">Marica Marius Cristian<\/a><\/strong><\/p>\n\n\n\n<p class=\"has-vivid-red-color has-luminous-vivid-amber-background-color has-text-color has-background has-link-color wp-elements-6b797c921ef8a3b8d8b07587363b2fa4\"><strong><a href=\"http:\/\/www.autocv.ro\/wp-content\/uploads\/2025\/08\/MUSCU.pdf\">Muscu M\u0103d\u0103lin<\/a><\/strong><\/p>\n\n\n\n<p class=\"has-vivid-red-color has-luminous-vivid-amber-background-color has-text-color has-background has-link-color wp-elements-08085c35eef78b11bd1616517703846e\"><strong><a href=\"http:\/\/www.autocv.ro\/wp-content\/uploads\/2025\/08\/NITU.pdf\">Nitu Alexandru Iulian<\/a><\/strong><\/p>\n\n\n\n<p class=\"has-vivid-red-color has-luminous-vivid-amber-background-color has-text-color has-background has-link-color wp-elements-677f56a2da8d815d36c5dbfc4256680b\"><strong><a href=\"http:\/\/www.autocv.ro\/wp-content\/uploads\/2025\/08\/PANDEA.pdf\">Pandea Sergiu Daniel<\/a><\/strong><\/p>\n\n\n\n<p class=\"has-vivid-red-color has-luminous-vivid-amber-background-color has-text-color has-background has-link-color wp-elements-12dc526a72e8901998eb45810324fe79\"><strong><a href=\"http:\/\/www.autocv.ro\/wp-content\/uploads\/2025\/08\/RADU.pdf\">Radu Ionu\u021b<\/a><\/strong><\/p>\n\n\n\n<p class=\"has-vivid-red-color has-luminous-vivid-amber-background-color has-text-color has-background has-link-color wp-elements-0019de35eaddfa23355c27663ed36edb\"><strong><a href=\"http:\/\/www.autocv.ro\/wp-content\/uploads\/2025\/08\/TANASE.pdf\">T\u0103nase Ionu\u021b Raul<\/a><\/strong><\/p>\n\n\n\n<p class=\"has-vivid-red-color has-luminous-vivid-amber-background-color has-text-color has-background has-link-color wp-elements-32cf61d817e04052797c33c06a6bc422\"><strong><a href=\"http:\/\/www.autocv.ro\/wp-content\/uploads\/2025\/08\/UDREA.pdf\">Udrea Nicu\u0219or Alexandru<\/a><\/strong><\/p>\n\n\n\n<p class=\"has-vivid-red-color has-luminous-vivid-amber-background-color has-text-color has-background has-link-color wp-elements-c9179b5d2a3f260c47eb3f13de3dc2f8\"><strong><a href=\"http:\/\/www.autocv.ro\/wp-content\/uploads\/2025\/08\/VANA.pdf\">Van\u0103 Alexandru Junior<\/a><\/strong><\/p>\n\n\n\n<p><\/p>\n","protected":false},"excerpt":{"rendered":"<p>EDUCA\u021aIE PENTRU MEDIU \u0218I SCHIMB\u0102RI CLIMATICE Strategia Na\u021bional\u0103 privind Educa\u021bia pentru mediu \u0219i schimb\u0103ri climatice 2023 &#8211; 2030 SC. AUTONET SRL SC APX GROUP SRL SC EUROTEHNICA IT&amp;C SC REDAC SRL SC CASA NOASTR\u0102 SRL SC REALINK SRL SC AUTOPROMESSINA SRL SC SDTV CONCEPT SRL SC ICHECK CENTER SRL SC TAVIANDRA SRL SC NORDSERVICE SRL [&hellip;]<\/p>\n","protected":false},"author":1,"featured_media":0,"parent":0,"menu_order":0,"comment_status":"closed","ping_status":"closed","template":"","meta":{"footnotes":"","_links_to":"","_links_to_target":""},"class_list":["post-5588","page","type-page","status-publish","hentry"],"_links":{"self":[{"href":"https:\/\/www.autocv.ro\/index.php?rest_route=\/wp\/v2\/pages\/5588","targetHints":{"allow":["GET"]}}],"collection":[{"href":"https:\/\/www.autocv.ro\/index.php?rest_route=\/wp\/v2\/pages"}],"about":[{"href":"https:\/\/www.autocv.ro\/index.php?rest_route=\/wp\/v2\/types\/page"}],"author":[{"embeddable":true,"href":"https:\/\/www.autocv.ro\/index.php?rest_route=\/wp\/v2\/users\/1"}],"replies":[{"embeddable":true,"href":"https:\/\/www.autocv.ro\/index.php?rest_route=%2Fwp%2Fv2%2Fcomments&post=5588"}],"version-history":[{"count":33,"href":"https:\/\/www.autocv.ro\/index.php?rest_route=\/wp\/v2\/pages\/5588\/revisions"}],"predecessor-version":[{"id":5853,"href":"https:\/\/www.autocv.ro\/index.php?rest_route=\/wp\/v2\/pages\/5588\/revisions\/5853"}],"wp:attachment":[{"href":"https:\/\/www.autocv.ro\/index.php?rest_route=%2Fwp%2Fv2%2Fmedia&parent=5588"}],"curies":[{"name":"wp","href":"https:\/\/api.w.org\/{rel}","templated":true}]}}