{"id":4508,"date":"2022-02-11T12:34:54","date_gmt":"2022-02-11T10:34:54","guid":{"rendered":"https:\/\/www.autocv.ro\/?page_id=4508"},"modified":"2025-04-21T15:31:19","modified_gmt":"2025-04-21T13:31:19","slug":"apel-recrutare-si-selectie-experti-nr-3-pentru-implementarea-proiectului","status":"publish","type":"page","link":"https:\/\/www.autocv.ro\/?page_id=4508","title":{"rendered":"PROIECT POCU ID 135711"},"content":{"rendered":"<div class=\"fcbkbttn_buttons_block\" id=\"fcbkbttn_left\"><div class=\"fcbkbttn_button\">\n                            <a href=\"https:\/\/www.facebook.com\/Lttauto-Craiova\" target=\"_blank\">\n                                <img decoding=\"async\" src=\"https:\/\/www.autocv.ro\/wp-content\/plugins\/facebook-button-plugin\/images\/standard-facebook-ico.png\" alt=\"Fb-Button\" \/>\n                            <\/a>\n                        <\/div><div class=\"fcbkbttn_like \"><fb:like href=\"https:\/\/www.autocv.ro\/?page_id=4508\" action=\"like\" colorscheme=\"light\" layout=\"standard\"  width=\"225px\" size=\"small\"><\/fb:like><\/div><div class=\"fb-share-button  \" data-href=\"https:\/\/www.autocv.ro\/?page_id=4508\" data-type=\"button_count\" data-size=\"small\"><\/div><\/div>\n<figure class=\"wp-block-image size-full\"><a href=\"http:\/\/www.autocv.ro\/wp-content\/uploads\/2022\/02\/pocu.jpg\"><img fetchpriority=\"high\" decoding=\"async\" width=\"637\" height=\"145\" src=\"http:\/\/www.autocv.ro\/wp-content\/uploads\/2022\/02\/pocu.jpg\" alt=\"\" class=\"wp-image-4514\" srcset=\"https:\/\/www.autocv.ro\/wp-content\/uploads\/2022\/02\/pocu.jpg 637w, https:\/\/www.autocv.ro\/wp-content\/uploads\/2022\/02\/pocu-300x68.jpg 300w\" sizes=\"(max-width: 637px) 100vw, 637px\" \/><\/a><\/figure>\n\n\n\n<p><strong>Acces la programe de educa\u021bie \u0219i formare profesional\u0103 pentru tinerii \u0219i adul\u021bii din jude\u021bul Dolj care au p\u0103r\u0103sit timpuriu \u0219coala (I) \u2013 POCU\/665\/6\/23\/135711<\/strong><\/p>\n\n\n\n<p><strong>Proiect cofinan\u021bat din Fondul Social European prin Programul Opera\u021bional Capital Uman 2014-2020<\/strong><\/p>\n\n\n\n<p><strong>Axa prioritar\u0103 6: \u201cEduca\u021bie \u0219i competen\u021be\u201d <\/strong><\/p>\n\n\n\n<p><strong>Titlu proiect: \u201cAcces la programe de educa\u021bie \u0219i formare profesional\u0103 pentru tinerii \u0219i adul\u021bii din jude\u021bul Dolj care au p\u0103r\u0103sit timpuriu \u0219coala (I)\u201d Cod SMIS 2014+: 135711 <\/strong><\/p>\n\n\n\n<p><strong>Beneficiar: Inspectoratul \u0218colar Jude\u021bean Dolj (lider de parteneriat) <\/strong><\/p>\n\n\n\n<p><strong>Partener: Casa Corpului Didactic Dolj<\/strong><\/p>\n\n\n\n<p><strong><a href=\"http:\/\/www.autocv.ro\/wp-content\/uploads\/2022\/02\/Prezentare-135711.pptx\">Prezentare PROIECT;<\/a><\/strong><\/p>\n\n\n\n<p><em><strong>Obiectiv general<\/strong>: Cre\u0219terea \u0219anselor de ocupare \u0219i integrare durabil\u0103 pe pia\u021ba muncii \u00een r\u00e2ndul tinerilor \u0219i adul\u021bilor din jude\u021bul Dolj, care au p\u0103r\u0103sit timpuriu \u0219coala, prin participarea acestora la programul \u201cA doua \u0219ans\u0103\u201d pentru \u00eenv\u0103\u021b\u0103m\u00e2nt secundar inferior, orientat pe nevoile elevilor, \u00een vederea finaliz\u0103rii \u00eenv\u0103\u021b\u0103m\u00e2ntului obligatoriu, acompaniat pe toata durata desf\u0103\u0219ur\u0103rii programului de servicii de consiliere si orientare a carierei pe tot parcursul vie\u021bii, \u0219i la stagii de preg\u0103tire practic\u0103 cu durata de 720 de ore \u00een vederea ob\u021binerii unei calific\u0103ri profesionale de nivel 3.<\/em><\/p>\n\n\n\n<p class=\"has-vivid-red-color has-light-green-cyan-background-color has-text-color has-background has-link-color wp-elements-ee381a2ede83c4c7cf93e4f5666bf112\"><strong><a href=\"http:\/\/www.autocv.ro\/wp-content\/uploads\/2025\/04\/Insertie-ADS-gr10-POCU-135-711.pdf\">DISEMINARE -INSER\u021aIE<\/a><\/strong> &#8211; 16.04.2025 &#8211;<a href=\"https:\/\/www.autocv.ro\/?page_id=5261\" data-type=\"page\" data-id=\"5261\"> <\/a><a href=\"http:\/\/www.autocv.ro\/wp-content\/uploads\/2025\/04\/ads1.docx\">Ads1<\/a>, <a href=\"http:\/\/www.autocv.ro\/wp-content\/uploads\/2025\/04\/ads2.docx\">Ads 2,<\/a> <a href=\"http:\/\/www.autocv.ro\/wp-content\/uploads\/2025\/04\/ads3.docx\">Ads 3<\/a>, <a href=\"http:\/\/www.autocv.ro\/wp-content\/uploads\/2025\/04\/ads4.docx\">Ads4<\/a><\/p>\n","protected":false},"excerpt":{"rendered":"<p>Acces la programe de educa\u021bie \u0219i formare profesional\u0103 pentru tinerii \u0219i adul\u021bii din jude\u021bul Dolj care au p\u0103r\u0103sit timpuriu \u0219coala (I) \u2013 POCU\/665\/6\/23\/135711 Proiect cofinan\u021bat din Fondul Social European prin Programul Opera\u021bional Capital Uman 2014-2020 Axa prioritar\u0103 6: \u201cEduca\u021bie \u0219i competen\u021be\u201d Titlu proiect: \u201cAcces la programe de educa\u021bie \u0219i formare profesional\u0103 pentru tinerii \u0219i adul\u021bii [&hellip;]<\/p>\n","protected":false},"author":1,"featured_media":0,"parent":0,"menu_order":0,"comment_status":"closed","ping_status":"closed","template":"","meta":{"footnotes":"","_links_to":"","_links_to_target":""},"class_list":["post-4508","page","type-page","status-publish","hentry"],"_links":{"self":[{"href":"https:\/\/www.autocv.ro\/index.php?rest_route=\/wp\/v2\/pages\/4508","targetHints":{"allow":["GET"]}}],"collection":[{"href":"https:\/\/www.autocv.ro\/index.php?rest_route=\/wp\/v2\/pages"}],"about":[{"href":"https:\/\/www.autocv.ro\/index.php?rest_route=\/wp\/v2\/types\/page"}],"author":[{"embeddable":true,"href":"https:\/\/www.autocv.ro\/index.php?rest_route=\/wp\/v2\/users\/1"}],"replies":[{"embeddable":true,"href":"https:\/\/www.autocv.ro\/index.php?rest_route=%2Fwp%2Fv2%2Fcomments&post=4508"}],"version-history":[{"count":11,"href":"https:\/\/www.autocv.ro\/index.php?rest_route=\/wp\/v2\/pages\/4508\/revisions"}],"predecessor-version":[{"id":5642,"href":"https:\/\/www.autocv.ro\/index.php?rest_route=\/wp\/v2\/pages\/4508\/revisions\/5642"}],"wp:attachment":[{"href":"https:\/\/www.autocv.ro\/index.php?rest_route=%2Fwp%2Fv2%2Fmedia&parent=4508"}],"curies":[{"name":"wp","href":"https:\/\/api.w.org\/{rel}","templated":true}]}}