{"id":2,"date":"2008-06-12T13:01:17","date_gmt":"2008-06-12T10:01:17","guid":{"rendered":"http:\/\/autocv.ro\/?page_id=2"},"modified":"2026-02-26T10:28:58","modified_gmt":"2026-02-26T08:28:58","slug":"about","status":"publish","type":"page","link":"https:\/\/www.autocv.ro\/","title":{"rendered":"Despre noi"},"content":{"rendered":"<div class=\"fcbkbttn_buttons_block\" id=\"fcbkbttn_left\"><div class=\"fcbkbttn_button\">\n                            <a href=\"https:\/\/www.facebook.com\/Lttauto-Craiova\" target=\"_blank\">\n                                <img decoding=\"async\" src=\"https:\/\/www.autocv.ro\/wp-content\/plugins\/facebook-button-plugin\/images\/standard-facebook-ico.png\" alt=\"Fb-Button\" \/>\n                            <\/a>\n                        <\/div><div class=\"fcbkbttn_like \"><fb:like href=\"https:\/\/www.autocv.ro\/\" action=\"like\" colorscheme=\"light\" layout=\"standard\"  width=\"225px\" size=\"small\"><\/fb:like><\/div><div class=\"fb-share-button  \" data-href=\"https:\/\/www.autocv.ro\/\" data-type=\"button_count\" data-size=\"small\"><\/div><\/div>\n<h4 class=\"wp-block-heading has-vivid-red-color has-pale-cyan-blue-background-color has-text-color has-background\"><strong>OFERT\u0102 EDUCA\u021aIONAL\u0102 2026-2027 (<a href=\"http:\/\/www.autocv.ro\/wp-content\/uploads\/2025\/12\/OFERTA.pdf\">Click<\/a>)<\/strong><\/h4>\n\n\n\n<figure class=\"wp-block-image size-full\"><a href=\"https:\/\/www.autocv.ro\/wp-content\/uploads\/2026\/02\/2026-2027.jpeg\"><img fetchpriority=\"high\" decoding=\"async\" width=\"920\" height=\"534\" src=\"https:\/\/www.autocv.ro\/wp-content\/uploads\/2026\/02\/2026-2027.jpeg\" alt=\"\" class=\"wp-image-5804\" srcset=\"https:\/\/www.autocv.ro\/wp-content\/uploads\/2026\/02\/2026-2027.jpeg 920w, https:\/\/www.autocv.ro\/wp-content\/uploads\/2026\/02\/2026-2027-300x174.jpeg 300w, https:\/\/www.autocv.ro\/wp-content\/uploads\/2026\/02\/2026-2027-768x446.jpeg 768w\" sizes=\"(max-width: 920px) 100vw, 920px\" \/><\/a><\/figure>\n\n\n\n<div class=\"wp-block-group\"><div class=\"wp-block-group__inner-container is-layout-constrained wp-block-group-is-layout-constrained\">\n<div class=\"wp-block-group\"><div class=\"wp-block-group__inner-container is-layout-constrained wp-block-group-is-layout-constrained\">\n<p class=\"has-vivid-red-color has-light-green-cyan-background-color has-text-color has-background has-small-font-size\"><strong><a href=\"http:\/\/www.autocv.ro\/wp-content\/uploads\/2025\/09\/Xerox-Scan_15092025131529.pdf\">Anun\u021b concurs posturi didactice vacantate pe parcursul anului \u0219colar 2025-2026;<\/a>       <\/strong> <a href=\"http:\/\/www.autocv.ro\/wp-content\/uploads\/2025\/09\/Candidatii-validati-pentru-sustinerea-probelor-de-concurs.pdf\">Candida\u021bii valida\u021bi pentru sus\u021binerea probelor de concurs ;<\/a> <a href=\"http:\/\/www.autocv.ro\/wp-content\/uploads\/2025\/09\/REZULTATE-INSPECTIE-SPECIALA_PROBA-PRACTICA_2025.pdf\">Rezultate inspec\u021bie speciala-proba practic\u0103;<\/a> <strong><a href=\"http:\/\/www.autocv.ro\/wp-content\/uploads\/2025\/09\/Rezultate-concurs_2025.pdf\">Rezultate concurs 26.09.2025;<\/a><\/strong><\/p>\n<\/div><\/div>\n<\/div><\/div>\n\n\n\n<div class=\"wp-block-group\"><div class=\"wp-block-group__inner-container is-layout-constrained wp-block-group-is-layout-constrained\">\n<p class=\"has-vivid-red-color has-luminous-vivid-amber-background-color has-text-color has-background has-small-font-size\"><a href=\"http:\/\/www.autocv.ro\/wp-content\/uploads\/2025\/09\/poze-RURIS.pdf\" data-type=\"link\" data-id=\"http:\/\/www.autocv.ro\/wp-content\/uploads\/2025\/09\/poze-RURIS.pdf\">Datorit\u0103 celor de la Salva\u021bi Copiii Rom\u00e2nia \u0219i RURIS, 20 de elevi de la Liceul Tehnologic de Transporturi Auto Craiova s-au bucurat de ghiozdane \u0219i rechizite noi, pentru \u00eenceperea anului \u0219colar.Un num\u0103r semnificativ de copii din medii vulnerabile se confrunt\u0103 cu lipsa unor oportunit\u0103\u021bi egale de a accesa \u0219i de a continua procesul educa\u021bional. Sprijinirea acestor copii reprezint\u0103 un pas esen\u021bial \u00een reducerea diferen\u021belor existente \u0219i \u00een construirea unui viitor mai echitabil, cu beneficii pe termen lung pentru \u00eentreaga societate.&#8221;, a declarat Gabriela Alexandrescu, Pre\u0219edinte Executiv Salva\u021bi Copiii Rom\u00e2nia<\/a><\/p>\n<\/div><\/div>\n\n\n\n<p class=\"has-vivid-red-color has-pale-cyan-blue-background-color has-text-color has-background has-medium-font-size\"><a href=\"https:\/\/www.isjdolj.ro\/content\/informare-privind-protec%C8%9Bia-datelor-cu-caracter-personal\" data-type=\"URL\" data-id=\"https:\/\/www.isjdolj.ro\/content\/informare-privind-protec%C8%9Bia-datelor-cu-caracter-personal\">Informare privind protec\u021bia datelor cu caracter personal<\/a><\/p>\n\n\n\n<hr class=\"wp-block-separator has-alpha-channel-opacity\"\/>\n\n\n\n<p><strong>Facebook<\/strong> &#8211; <strong><a href=\"https:\/\/www.facebook.com\/profile.php?id=100012124007415\"><span style=\"color: #ff0000;\">Liceul Tehnologic de Transporturi Auto Craiova<\/span><\/a><\/strong><\/p>\n\n\n\n<p>Pentru informa\u021bii suplimentare: <span style=\"color: #0000ff;\"><strong>autocv2004@yahoo.com<\/strong><\/span><span style=\"color: #ff0000;\"><strong>&nbsp;<\/strong><\/span><\/p>\n\n\n\n<p><span style=\"color: #333399;\">____________________________________________________________________<\/span><\/p>\n\n\n\n<p class=\"has-vivid-red-color has-pale-cyan-blue-background-color has-text-color has-background has-link-color wp-elements-f6e0288a37a0ae067a475bf86ff30d36\"><strong><a href=\"http:\/\/www.autocv.ro\/wp-content\/uploads\/2024\/11\/Anunt-proiect-ATELIERE.pdf\">Comunicat de pres\u0103 &#8211; lansare proiect &#8220;Cresterea calitatii EDUcationalela Liceul TEHNOlogic de Transporturi Auto Craiova -EDUTEHNO Craiova&#8221;<\/a><\/strong><\/p>\n\n\n\n<p class=\"has-vivid-red-color has-pale-cyan-blue-background-color has-text-color has-background has-link-color wp-elements-8220e2ed69758064deeb35cff46f2948\">\u201c<strong>LICEUL TEHNOLOGIC DE&nbsp; &nbsp;TRANSPORTURI AUTO CRAIOVA<\/strong>&nbsp; &nbsp;anun\u021b\u0103&nbsp; &nbsp;publicul interesat asupra depunerii solicit\u0103rii de emitere a acordului de mediu pentru proiectul <strong>,,CRE\u0218TEREA CALIT\u0102\u021aII EDUCATIONALE LA LICEUL TEHNOLOGIC DE TRANSPORTURI AUTO CRAIOVA- CONSTRUIRE CORP ATELIERE SI LABORATOARE, CORP C\u0102MIN SI CANTINA SI SALA DE SPORT&#8221;<\/strong> propus a fi amplasat in municipiul Craiova, strada Potelu, nr. 2, jude\u021bul Dolj.<\/p>\n\n\n\n<p>Informa\u021biile privind proiectul propus pot fi consultate la sediul APM Dolj, str. Petru Rares, nr. 1, si la sediul LICEULUI TEHNOLOGIC DE TRANSPORTURI AUTO CRAIOVA din Craiova, str. Nicolae Romanescu, nr. 99, jud. Dolj, in zilele de luni pana joi intre orele 08:00-16:00 si vineri intre orele 08:00-14:00.<\/p>\n\n\n\n<p>Observa\u021biile publicului se primesc zilnic la sediul APM Dolj, str. Petru Rares, nr. 1, Craiova.&#8221;<\/p>\n\n\n\n<p><span style=\"color: #0000ff;\">____________________________________________________________________<\/span><\/p>\n\n\n\n<p><strong>Liceul Tehnologic de Transporturi Auto Craiova<\/strong>&nbsp; titular&nbsp;&nbsp; al&nbsp; proiectului <strong>,,Cre\u0219terea calit\u0103\u021bii educa\u021bionale la Liceul Tehnologic de Transporturi Auto-SF+PT + execu\u021bie&#8221;<\/strong>, anun\u021b\u0103 publicul interesat asupra lu\u0103rii deciziei etapei&nbsp; de \u00eencadrare&nbsp; de&nbsp; c\u0103tre&nbsp; Agen\u021bia&nbsp; pentru&nbsp; Protec\u021bia&nbsp; Mediului&nbsp; Dolj,&nbsp;&nbsp; \u00een cadrul&nbsp; procedurii&nbsp; de&nbsp; evaluare&nbsp; a impactului asupra&nbsp; mediului,&nbsp; pentru&nbsp; proiectul&nbsp; <strong>,,Cre\u0219terea calit\u0103\u021bii educa\u021bionale la Liceul Tehnologic de Transporturi Auto-SF+PT + execu\u021bie&#8221;<\/strong>,&nbsp; propus&nbsp; a \u0219i amplasat&nbsp; \u00een Municipiul Craiova, str. Potelu, nr. 2, jud. Dolj.Proiectul deciziei de \u00eencadrare \u0219i motivele care o fundamenteaz\u0103 pot fi consultate la sediul Agen\u021biei pentru Protec\u021bia Mediului Dolj, din Craiova, str. Petru Rare\u0219 nr. 1, Jud. Dolj, \u00een zilele de luni -Joi, \u00eentre orele 8,00- 16,30 si vineri \u00eentre orele 8,00- 14, 00 precum \u0219i la urm\u0103toarea adresa de internet http:\/\/apmdj.anpm.ro . Publicul&nbsp; interesat&nbsp; poate&nbsp; \u00eenainta comentarii\/observa\u021bii la proiectul&nbsp; deciziei de \u00eencadrare&nbsp; in termen de 10 zile de la data public\u0103rii anun\u021bului pe pagina de internet a Agen\u021biei pentru Protec\u021bia Mediului Dolj.<\/p>\n\n\n\n<p><span style=\"color: #333399;\">____________________________________________________________________<\/span><\/p>\n\n\n\n<p class=\"has-vivid-red-color has-luminous-vivid-amber-background-color has-text-color has-background\"><strong><a href=\"http:\/\/www.autocv.ro\/wp-content\/uploads\/2026\/02\/LICEUL-DE-TRANSPORTURI-AUTO-CRAIOVA.pdf\">Condi\u021bii specifice de ocupare a posturilor didactice\/ catedrelor vacante -transfer\/pretransfer pentru anul \u0219colar 2026-2027<\/a><\/strong><\/p>\n\n\n\n<p class=\"has-vivid-red-color has-luminous-vivid-amber-background-color has-text-color has-background has-medium-font-size\"><strong><a href=\"http:\/\/www.autocv.ro\/wp-content\/uploads\/2024\/09\/Model-cerere-tichete-sociale.docx\">Tichete educa\u021bionale de 500 lei &#8211; 2024;<\/a><\/strong><\/p>\n\n\n\n<p>___________________________________________________________________<\/p>\n\n\n\n<p class=\"has-vivid-red-color has-pale-cyan-blue-background-color has-text-color has-background has-link-color wp-elements-82084645ee1b6607a1031685f2b580b2\"><strong>Planificarea orelor la dispozi\u021bia p\u0103rin\u021bilor an \u0219colar_2024_2025<\/strong><\/p>\n\n\n\n<p><\/p>\n\n\n\n<div class=\"wp-block-group is-vertical is-layout-flex wp-container-core-group-is-layout-4 wp-block-group-is-layout-flex\">\n<p class=\"has-vivid-cyan-blue-color has-luminous-vivid-amber-background-color has-text-color has-background\"><a href=\"http:\/\/www.autocv.ro\/wp-content\/uploads\/2023\/08\/PO-ISJ-DJ-134.pdf\" data-type=\"URL\" data-id=\"http:\/\/www.autocv.ro\/wp-content\/uploads\/2023\/08\/PO-ISJ-DJ-134.pdf\">Procedura opera\u021bional\u0103 privind repartizarea copiilor pe locurile disponibile, \u00een cadrul etapei de ajust\u0103ri, \u00een \u00eenv\u0103\u021b\u0103m\u00e2ntul antepre\u0219colar \u0219i\/sau pre\u0219colar, anul \u0219colar 2023-2024;<\/a><\/p>\n<\/div>\n\n\n\n<p class=\"has-vivid-cyan-blue-color has-luminous-vivid-amber-background-color has-text-color has-background\"><a href=\"http:\/\/www.autocv.ro\/wp-content\/uploads\/2023\/08\/adresa-comunicat.pdf\" data-type=\"URL\" data-id=\"http:\/\/www.autocv.ro\/wp-content\/uploads\/2023\/08\/adresa-comunicat.pdf\">Comunicat aferent proiectului<strong>,,CRE\u0218TEREA CAPACIT\u0102\u021aII DE REZILIENTA A SISTEMULUI EDUCATIONAL DIN MUNICIPIUL CRAIOVA PRIN DOTAREA CU MOBILIER, MATERIALE DIDACTICE \u0218I ECHIPAMENTE DIGITALE &#8211; CRAIOVA EDUCATA<\/strong><\/a><strong>\u2019\u2019<\/strong><\/p>\n\n\n\n<p class=\"has-vivid-red-color has-luminous-vivid-amber-background-color has-text-color has-background\"><a href=\"http:\/\/www.autocv.ro\/wp-content\/uploads\/2023\/05\/Anunt-concurs-promovare-treapta_Contabil-sef.pdf\"><strong>Anun\u021b concurs promovare treapta_Contabil \u0219ef<\/strong> <\/a>&#8211; 12.05.2023<\/p>\n\n\n\n<p class=\"has-vivid-red-color has-luminous-vivid-amber-background-color has-text-color has-background\"><strong><a href=\"https:\/\/www.autocv.ro\/?page_id=4746\">Activitati 2023<\/a><\/strong><\/p>\n\n\n\n<p class=\"has-vivid-red-color has-luminous-vivid-amber-background-color has-text-color has-background\"><a href=\"http:\/\/www.autocv.ro\/wp-content\/uploads\/2023\/10\/Rezultate-concurs_-2023.pdf\" data-type=\"URL\" data-id=\"http:\/\/www.autocv.ro\/wp-content\/uploads\/2023\/10\/Rezultate-concurs_-2023.pdf\">Rezultate la concursul pentru ocuparea posturilor vacante\/rezervate -20 oct 2023;<\/a><\/p>\n\n\n\n<p>____________________________________________________________________<\/p>\n\n\n\n<p class=\"has-vivid-cyan-blue-color has-luminous-vivid-amber-background-color has-text-color has-background\"><a href=\"http:\/\/www.autocv.ro\/wp-content\/uploads\/2022\/10\/Regulament-LTT-Auto2022-2023.pdf\"><strong>Regulament de organizare \u0219i func\u021bionare al Liceului Tehnologic de Transp. Auto Craiova<\/strong> <strong>2022-2023;<\/strong><\/a><\/p>\n\n\n\n<p class=\"has-black-color has-luminous-vivid-orange-background-color has-text-color has-background has-link-color wp-elements-f8bc61c9da880ed8064283cbf2e0583d\"><strong>Concurs ADMINISTRATOR FINANCIAR Octombrie 2024;<\/strong><\/p>\n\n\n\n<p class=\"has-black-color has-luminous-vivid-orange-background-color has-text-color has-background has-link-color wp-elements-44711589f5be7284ab43f9e2f26fea1e\"><a href=\"http:\/\/www.autocv.ro\/wp-content\/uploads\/2024\/11\/CONTABIL.pdf\">Concurs ADMINISTRATOR FINANCIAR <strong>Noiembrie-Decembrie 2024;<\/strong><\/a> <strong><a href=\"http:\/\/www.autocv.ro\/wp-content\/uploads\/2024\/12\/ADMINISTRATOR-FINANCIAR-3.pdf\">Ianuarie 2025<\/a><\/strong>; <strong><a href=\"http:\/\/www.autocv.ro\/wp-content\/uploads\/2025\/01\/Selectie-ADM-FINANCIAR.pdf\">Rezultate selec\u021bie dosare;<\/a><\/strong> <a href=\"http:\/\/www.autocv.ro\/wp-content\/uploads\/2025\/01\/Rezultate-scris_ADM-FINANCIAR.pdf\">Rezultate proba scrisa 22.01.2025;<\/a> <a href=\"http:\/\/www.autocv.ro\/wp-content\/uploads\/2025\/01\/Rezultate-finale.pdf\">Rezultate proba practica 28.01.2025<\/a>;<a href=\"http:\/\/www.autocv.ro\/wp-content\/uploads\/2025\/01\/interviu_adm-financiar.pdf\">Rezultate Interviu;<\/a><a href=\"http:\/\/www.autocv.ro\/wp-content\/uploads\/2025\/01\/FINALE-ADM-FINANCIAR.pdf\">Rezultate Finale;<\/a><\/p>\n\n\n\n<p class=\"has-black-color has-luminous-vivid-orange-background-color has-text-color has-background has-link-color wp-elements-07dfd7dd0bafa5355ec3858eadd4ba55\"><strong><a href=\"http:\/\/www.autocv.ro\/wp-content\/uploads\/2024\/11\/MEDIATOR.pdf\">Concurs MEDIATOR \u0218COLAR Noiembrie-Decembrie 2024;<\/a><\/strong> <strong><a href=\"http:\/\/www.autocv.ro\/wp-content\/uploads\/2024\/12\/MEDIATOR-2.pdf\">Ianuarie 2025<\/a><\/strong>; <strong><a href=\"http:\/\/www.autocv.ro\/wp-content\/uploads\/2025\/01\/Selectie-MEDIATOR.pdf\">Rezultate selec\u021bie dosare<\/a>;<\/strong> <a href=\"http:\/\/www.autocv.ro\/wp-content\/uploads\/2025\/01\/Rezultate-MEDIATOR.pdf\">Rezultate proba scrisa 22.01.2025;<\/a><a href=\"http:\/\/www.autocv.ro\/wp-content\/uploads\/2025\/01\/interviu_mediator.pdf\">Rezultate Interviu;<\/a> <a href=\"http:\/\/www.autocv.ro\/wp-content\/uploads\/2025\/01\/FINALE-MEDIATOR.pdf\">Rezultate finale;<\/a><\/p>\n\n\n\n<p class=\"has-black-color has-luminous-vivid-orange-background-color has-text-color has-background has-link-color wp-elements-6bf78d0cc280f31b0cdc871b493f3442\"><strong><a href=\"http:\/\/www.autocv.ro\/wp-content\/uploads\/2024\/12\/INGRIJITOR-1.pdf\">Concurs temporar \u00eengrijitor cur\u0103\u021benie Ianuarie 2025;<\/a><\/strong> <strong>Rezultate selec\u021bie dosare<\/strong>; <a href=\"http:\/\/www.autocv.ro\/wp-content\/uploads\/2025\/01\/Rezultate-Ingrijitor-curatenie_scris.pdf\">Rezultate proba scrisa 22.01.2025;<\/a> <a href=\"http:\/\/www.autocv.ro\/wp-content\/uploads\/2025\/01\/PRACTICA_INGRIJITOR.pdf\">Rezultate proba practica 28.01.2025<\/a>; <a href=\"http:\/\/www.autocv.ro\/wp-content\/uploads\/2025\/01\/interviu_curatenie.pdf\">Rezultate Interviu;<\/a> <a href=\"http:\/\/www.autocv.ro\/wp-content\/uploads\/2025\/01\/FINALE-INGRIJITOR.pdf\">Rezultate finale;<\/a><\/p>\n\n\n\n<p class=\"has-text-align-left has-black-color has-luminous-vivid-orange-background-color has-text-color has-background has-link-color wp-elements-6fa1599bf146a030a2804180cbf3c245\"><strong>&#8211;<a href=\"http:\/\/www.autocv.ro\/wp-content\/uploads\/2024\/10\/Selectie-dosare.pdf\">Selec\u021bie dosare OCTOMBRIE 2024;<\/a><\/strong> <strong>Selectie dosare concursuri<\/strong> <strong>Ianuarie 2025<\/strong>;<\/p>\n\n\n\n<p class=\"has-vivid-red-color has-pale-cyan-blue-background-color has-text-color has-background has-link-color wp-elements-09775965cda8a11a14ec7ff80d1f026c\"><a href=\"http:\/\/www.autocv.ro\/wp-content\/uploads\/2019\/09\/PAS_REVIZ-2019.pdf\"><strong>PLANUL DE AC\u021aIUNI AL \u0218COLII &#8211; <\/strong><mark style=\"background-color:rgba(0, 0, 0, 0)\" class=\"has-inline-color has-vivid-green-cyan-color\"><strong>Actualizat 2019<\/strong><\/mark><strong> ;<\/strong><\/a> <a href=\"http:\/\/www.autocv.ro\/wp-content\/uploads\/2021\/12\/PAS-oct-2021.pdf\"><mark style=\"background-color:rgba(0, 0, 0, 0)\" class=\"has-inline-color has-black-color\"><strong>Actualizat 2021<\/strong>;<\/mark><\/a> <strong><mark style=\"background-color:rgba(0, 0, 0, 0)\" class=\"has-inline-color has-vivid-purple-color\"><a href=\"http:\/\/www.autocv.ro\/wp-content\/uploads\/2024\/11\/PAS_LTTA_2024.pdf\">Actualizat 2024;<\/a><\/mark><\/strong><\/p>\n\n\n\n<p><span style=\"color: #0000ff;\">_____________________________________________________________________<\/span><\/p>\n\n\n\n<p><a href=\"http:\/\/www.autocv.ro\/wp-content\/uploads\/2008\/06\/Anunt-1.pdf\">Anunt dezbaterea viziunii sistematice &#8221; Educatia ne uneste&#8221; (Viziune asupra viitorului educatiei in Romania)<\/a> &#8211; 22 mai 2019<\/p>\n\n\n\n<p><span style=\"color: #0000ff;\">______________________________________________________________________<\/span><\/p>\n\n\n\n<p><a href=\"http:\/\/www.autocv.ro\/wp-content\/uploads\/2008\/06\/Nota-ISJ-001-din-08.01.2019.pdf\">Un Lansarea Campaniei Consiliul Europei &#8211; Free to Speak-safe to learn &#8211; Democratic school for all<\/a><\/p>\n\n\n\n<p><span style=\"color: #0000ff;\">______________________________________________________________________<\/span><\/p>\n\n\n\n<p><a href=\"http:\/\/www.autocv.ro\/wp-content\/uploads\/2018\/11\/Anexa-6.2.2-Invitatie-de-participare_Servicii-2018.11.pdf\"><strong>INVITA\u021aIE DE PARTICIPARE&nbsp;pentru achizi\u021bia de servicii de catering &#8211; masa participan\u021bilor \u00een subproiectul ROSE:&nbsp;<span style=\"color: #000080;\">\u00cenv\u0103\u021b\u00e2nd ne dezvolt\u0103m<\/span><\/strong><\/a><\/p>\n\n\n\n<p><span style=\"color: #0000ff;\">____________________________________________________________________________<\/span><\/p>\n\n\n\n<p><strong><span style=\"color: #800000;\"><a href=\"http:\/\/www.autocv.ro\/wp-content\/uploads\/2008\/06\/Legea-248.pdf\">Legea nr. 248\/2015 privind stimularea particip\u0103rii \u00een \u00eenv\u0103\u0163\u0103m\u00e2ntul pre\u015fcolar a copiilor provenind din familii defavorizate;<\/a><\/span><\/strong><\/p>\n\n\n\n<p><span style=\"color: #3366ff;\">__________________________________________________________________________<\/span><\/p>\n\n\n\n<p><strong><span style=\"color: #800000;\"><a href=\"http:\/\/www.autocv.ro\/wp-content\/uploads\/2008\/06\/NORME-L248.pdf\">NORME METODOLOGICE de aplicare a prevederilor Legii nr. 248\/2015;<\/a><\/span><\/strong><\/p>\n\n\n\n<p><span style=\"color: #3366ff;\">__________________________________________________________________________<\/span><\/p>\n\n\n\n<p><strong><a title=\"Film Prezentare\" href=\"http:\/\/www.autocv.ro\/wp-content\/uploads\/2008\/06\/GIVET-recrutare-3.mp4\" target=\"_self\" rel=\"noopener noreferrer\">Practica elevilor in tara si in strainatate;<\/a><\/strong><\/p>\n\n\n\n<p><strong><span style=\"color: #3366ff;\">_________________________________________________________________<\/span><br><\/strong><\/p>\n\n\n\n<p><a href=\"gstac_ro.ppt\">Descarca prezentarea scolii in format PowerPoint &#8211; versiune in romana<\/a><\/p>\n\n\n\n<p><\/p>\n\n\n\n<div class=\"wp-block-media-text is-stacked-on-mobile is-vertically-aligned-bottom\" style=\"grid-template-columns:19% auto\"><figure class=\"wp-block-media-text__media\"><img decoding=\"async\" width=\"287\" height=\"405\" src=\"https:\/\/www.autocv.ro\/wp-content\/uploads\/2026\/01\/sv.jpg\" alt=\"\" class=\"wp-image-5791 size-full\" srcset=\"https:\/\/www.autocv.ro\/wp-content\/uploads\/2026\/01\/sv.jpg 287w, https:\/\/www.autocv.ro\/wp-content\/uploads\/2026\/01\/sv-213x300.jpg 213w\" sizes=\"(max-width: 287px) 100vw, 287px\" \/><\/figure><div class=\"wp-block-media-text__content\">\n<p class=\"has-vivid-red-color has-pale-cyan-blue-background-color has-text-color has-background has-link-color wp-elements-953df1e7ffa1cf1614cbdc083b7ca00c\"><strong>SPA\u021aIILE LICEULUI SUNT SUPRAVEGHEATE AUDIO-VIDEO<\/strong><\/p>\n<\/div><\/div>\n\n\n\n<p><\/p>\n","protected":false},"excerpt":{"rendered":"<p>OFERT\u0102 EDUCA\u021aIONAL\u0102 2026-2027 (Click) Anun\u021b concurs posturi didactice vacantate pe parcursul anului \u0219colar 2025-2026; Candida\u021bii valida\u021bi pentru sus\u021binerea probelor de concurs ; Rezultate inspec\u021bie speciala-proba practic\u0103; Rezultate concurs 26.09.2025; Datorit\u0103 celor de la Salva\u021bi Copiii Rom\u00e2nia \u0219i RURIS, 20 de elevi de la Liceul Tehnologic de Transporturi Auto Craiova s-au bucurat de ghiozdane \u0219i rechizite [&hellip;]<\/p>\n","protected":false},"author":1,"featured_media":0,"parent":0,"menu_order":0,"comment_status":"closed","ping_status":"closed","template":"","meta":{"footnotes":"","_links_to":"","_links_to_target":""},"class_list":["post-2","page","type-page","status-publish","hentry"],"_links":{"self":[{"href":"https:\/\/www.autocv.ro\/index.php?rest_route=\/wp\/v2\/pages\/2","targetHints":{"allow":["GET"]}}],"collection":[{"href":"https:\/\/www.autocv.ro\/index.php?rest_route=\/wp\/v2\/pages"}],"about":[{"href":"https:\/\/www.autocv.ro\/index.php?rest_route=\/wp\/v2\/types\/page"}],"author":[{"embeddable":true,"href":"https:\/\/www.autocv.ro\/index.php?rest_route=\/wp\/v2\/users\/1"}],"replies":[{"embeddable":true,"href":"https:\/\/www.autocv.ro\/index.php?rest_route=%2Fwp%2Fv2%2Fcomments&post=2"}],"version-history":[{"count":586,"href":"https:\/\/www.autocv.ro\/index.php?rest_route=\/wp\/v2\/pages\/2\/revisions"}],"predecessor-version":[{"id":5817,"href":"https:\/\/www.autocv.ro\/index.php?rest_route=\/wp\/v2\/pages\/2\/revisions\/5817"}],"wp:attachment":[{"href":"https:\/\/www.autocv.ro\/index.php?rest_route=%2Fwp%2Fv2%2Fmedia&parent=2"}],"curies":[{"name":"wp","href":"https:\/\/api.w.org\/{rel}","templated":true}]}}