{"id":172,"date":"2008-11-13T20:24:42","date_gmt":"2008-11-13T18:24:42","guid":{"rendered":"http:\/\/www.autocv.ro\/?page_id=172"},"modified":"2021-11-26T11:25:38","modified_gmt":"2021-11-26T09:25:38","slug":"parteneriate-si-proiecte","status":"publish","type":"page","link":"https:\/\/www.autocv.ro\/?page_id=172","title":{"rendered":"Parteneriate si proiecte"},"content":{"rendered":"<div class=\"fcbkbttn_buttons_block\" id=\"fcbkbttn_left\"><div class=\"fcbkbttn_button\">\n                            <a href=\"https:\/\/www.facebook.com\/Lttauto-Craiova\" target=\"_blank\">\n                                <img decoding=\"async\" src=\"https:\/\/www.autocv.ro\/wp-content\/plugins\/facebook-button-plugin\/images\/standard-facebook-ico.png\" alt=\"Fb-Button\" \/>\n                            <\/a>\n                        <\/div><div class=\"fcbkbttn_like \"><fb:like href=\"https:\/\/www.autocv.ro\/?page_id=172\" action=\"like\" colorscheme=\"light\" layout=\"standard\"  width=\"225px\" size=\"small\"><\/fb:like><\/div><div class=\"fb-share-button  \" data-href=\"https:\/\/www.autocv.ro\/?page_id=172\" data-type=\"button_count\" data-size=\"small\"><\/div><\/div><div><\/div>\n<div>\n<h5>Proiect POCU 130647 &#8211; Cre\u0219terea particip\u0103rii la programe de \u00eenv\u0103\u021bare la locul de munc\u0103 a elevilor LTTA Craiova;<\/h5>\n<h5>Proiect POC 144302 -\u00cembun\u0103t\u0103\u021birea accesului la procesul de \u00eenv\u0103\u021bare \u00een mediul online \u00een cadrul Liceului Tehnologic de Transporturi Auto Craiova<\/h5>\n<div><\/div>\n<div><a href=\"?page_id=220\">Activitati educative 2008-2009<\/a><\/div>\n<\/div>\n<p><a href=\"?page_id=527\">Diseminari proiecte europene<\/a><\/p>\n","protected":false},"excerpt":{"rendered":"<p>Proiect POCU 130647 &#8211; Cre\u0219terea particip\u0103rii la programe de \u00eenv\u0103\u021bare la locul de munc\u0103 a elevilor LTTA Craiova; Proiect POC 144302 -\u00cembun\u0103t\u0103\u021birea accesului la procesul de \u00eenv\u0103\u021bare \u00een mediul online \u00een cadrul Liceului Tehnologic de Transporturi Auto Craiova Activitati educative 2008-2009 Diseminari proiecte europene<\/p>\n","protected":false},"author":1,"featured_media":0,"parent":0,"menu_order":18,"comment_status":"closed","ping_status":"closed","template":"","meta":{"footnotes":"","_links_to":"","_links_to_target":""},"class_list":["post-172","page","type-page","status-publish","hentry"],"_links":{"self":[{"href":"https:\/\/www.autocv.ro\/index.php?rest_route=\/wp\/v2\/pages\/172","targetHints":{"allow":["GET"]}}],"collection":[{"href":"https:\/\/www.autocv.ro\/index.php?rest_route=\/wp\/v2\/pages"}],"about":[{"href":"https:\/\/www.autocv.ro\/index.php?rest_route=\/wp\/v2\/types\/page"}],"author":[{"embeddable":true,"href":"https:\/\/www.autocv.ro\/index.php?rest_route=\/wp\/v2\/users\/1"}],"replies":[{"embeddable":true,"href":"https:\/\/www.autocv.ro\/index.php?rest_route=%2Fwp%2Fv2%2Fcomments&post=172"}],"version-history":[{"count":13,"href":"https:\/\/www.autocv.ro\/index.php?rest_route=\/wp\/v2\/pages\/172\/revisions"}],"predecessor-version":[{"id":4449,"href":"https:\/\/www.autocv.ro\/index.php?rest_route=\/wp\/v2\/pages\/172\/revisions\/4449"}],"wp:attachment":[{"href":"https:\/\/www.autocv.ro\/index.php?rest_route=%2Fwp%2Fv2%2Fmedia&parent=172"}],"curies":[{"name":"wp","href":"https:\/\/api.w.org\/{rel}","templated":true}]}}