{"id":1497,"date":"2016-02-02T10:31:17","date_gmt":"2016-02-02T08:31:17","guid":{"rendered":"http:\/\/www.autocv.ro\/?page_id=1497"},"modified":"2026-03-06T11:09:45","modified_gmt":"2026-03-06T09:09:45","slug":"consiliul-de-administratie","status":"publish","type":"page","link":"https:\/\/www.autocv.ro\/?page_id=1497","title":{"rendered":"Consiliul de Administra\u021bie"},"content":{"rendered":"<div class=\"fcbkbttn_buttons_block\" id=\"fcbkbttn_left\"><div class=\"fcbkbttn_button\">\n                            <a href=\"https:\/\/www.facebook.com\/Lttauto-Craiova\" target=\"_blank\">\n                                <img decoding=\"async\" src=\"https:\/\/www.autocv.ro\/wp-content\/plugins\/facebook-button-plugin\/images\/standard-facebook-ico.png\" alt=\"Fb-Button\" \/>\n                            <\/a>\n                        <\/div><div class=\"fcbkbttn_like \"><fb:like href=\"https:\/\/www.autocv.ro\/?page_id=1497\" action=\"like\" colorscheme=\"light\" layout=\"standard\"  width=\"225px\" size=\"small\"><\/fb:like><\/div><div class=\"fb-share-button  \" data-href=\"https:\/\/www.autocv.ro\/?page_id=1497\" data-type=\"button_count\" data-size=\"small\"><\/div><\/div>\n<p class=\"has-vivid-red-color has-pale-cyan-blue-background-color has-text-color has-background\"><strong>Hot\u0103r\u00e2ri ale Consiliului de Administra\u021bie pentru anul \u0219colar 2025-2026;<\/strong><\/p>\n\n\n\n<p>&#8211;<a href=\"http:\/\/www.autocv.ro\/wp-content\/uploads\/2026\/03\/HOTARAREA-4_2026.pdf\">Hot\u0103r\u00e2rea nr. 4 <\/a>&#8211; 04.03.2026;<\/p>\n\n\n\n<p>&#8211;<a href=\"http:\/\/www.autocv.ro\/wp-content\/uploads\/2025\/10\/HCA-19.pdf\">Hot\u0103r\u00e2rea nr. 19<\/a> -15.09.2025;<\/p>\n\n\n\n<p>&#8211;<a href=\"http:\/\/www.autocv.ro\/wp-content\/uploads\/2025\/10\/HCA-20.pdf\">Hot\u0103r\u00e2rea nr. 20<\/a> -01.10.2025;<\/p>\n\n\n\n<p>&#8211;<a href=\"http:\/\/www.autocv.ro\/wp-content\/uploads\/2025\/10\/HCA-21.pdf\">Hot\u0103r\u00e2rea nr. 21<\/a> 24.10.2025;<\/p>\n\n\n\n<p>&#8211;<a href=\"http:\/\/www.autocv.ro\/wp-content\/uploads\/2026\/02\/ProceduriPEO_11022026120008.pdf\">Hot\u0103r\u00e2rea nr. 1 &#8211; 16.01.2026;<\/a><\/p>\n\n\n\n<p>&#8211;<a href=\"http:\/\/www.autocv.ro\/wp-content\/uploads\/2026\/02\/ProceduriPEO_11022026120028.pdf\">Hot\u0103r\u00e2rea nr. 2 -20.01.2026;<\/a><\/p>\n\n\n\n<p>&#8211;<a href=\"http:\/\/www.autocv.ro\/wp-content\/uploads\/2026\/02\/ProceduriPEO_11022026115953.pdf\">Hot\u0103r\u00e2rea nr. 3 &#8211; 06.02.2026;<\/a><\/p>\n\n\n\n<p class=\"has-black-color has-luminous-vivid-orange-background-color has-text-color has-background\"><strong>Hot\u0103r\u00e2ri ale Consiliului de Administra\u021bie pentru anul \u0219colar 2023-2024<\/strong>;<\/p>\n\n\n\n<p>&#8211;<a href=\"http:\/\/www.autocv.ro\/wp-content\/uploads\/2024\/04\/H6.pdf\">Hot\u0103r\u00e2rea nr.6 din data de 22.03.2024;<\/a><\/p>\n\n\n\n<p>&#8211;<a href=\"http:\/\/www.autocv.ro\/wp-content\/uploads\/2024\/04\/H3.pdf\">Hot\u0103r\u00e2rea nr.3 din data de 07.02.2024;<\/a><\/p>\n\n\n\n<p>&#8211;<a href=\"http:\/\/www.autocv.ro\/wp-content\/uploads\/2023\/12\/HCA_32.pdf\" data-type=\"link\" data-id=\"http:\/\/www.autocv.ro\/wp-content\/uploads\/2023\/12\/HCA_32.pdf\">Hot\u0103r\u00e2rea nr. 32 din data de 27.11.2023;<\/a><\/p>\n\n\n\n<p>&#8211;<a href=\"http:\/\/www.autocv.ro\/wp-content\/uploads\/2023\/10\/Xerox-Scan_26102023160336.pdf\" data-type=\"URL\" data-id=\"http:\/\/www.autocv.ro\/wp-content\/uploads\/2023\/10\/Xerox-Scan_26102023160336.pdf\">Hot\u0103r\u00e2rea nr. 31 din data 25.10.2023;<\/a><\/p>\n\n\n\n<p><a href=\"http:\/\/www.autocv.ro\/wp-content\/uploads\/2023\/09\/H29.pdf\" data-type=\"URL\" data-id=\"http:\/\/www.autocv.ro\/wp-content\/uploads\/2023\/09\/H29.pdf\">Hot\u0103r\u00e2rea nr. 29 din data de 27.09.2023;<\/a><\/p>\n\n\n\n<p>&#8211;<a href=\"http:\/\/www.autocv.ro\/wp-content\/uploads\/2023\/09\/H28.pdf\" data-type=\"URL\" data-id=\"http:\/\/www.autocv.ro\/wp-content\/uploads\/2023\/09\/H28.pdf\">Hot\u0103r\u00e2rea nr. 28 din data de 27.09.2023;<\/a><\/p>\n\n\n\n<p>&#8211;<a href=\"http:\/\/www.autocv.ro\/wp-content\/uploads\/2023\/09\/H-11.09.2023.pdf\" data-type=\"URL\" data-id=\"http:\/\/www.autocv.ro\/wp-content\/uploads\/2023\/09\/H-11.09.2023.pdf\">Hot\u0103r\u00e2rea din data de 11.09.2023;<\/a><\/p>\n\n\n\n<p>&#8211;<a href=\"http:\/\/www.autocv.ro\/wp-content\/uploads\/2023\/09\/H-19.09.2023.pdf\" data-type=\"URL\" data-id=\"http:\/\/www.autocv.ro\/wp-content\/uploads\/2023\/09\/H-19.09.2023.pdf\">Hot\u0103r\u00e2rea din data de 19.09.2023;<\/a><\/p>\n\n\n\n<p class=\"has-black-color has-luminous-vivid-orange-background-color has-text-color has-background\"><strong>Hot\u0103r\u00e2ri ale Consiliului de Administra\u021bie pentru anul \u0219colar 2022-2023<\/strong>:<\/p>\n\n\n\n<p class=\"has-vivid-red-color has-pale-cyan-blue-background-color has-text-color has-background\">&#8211;<strong><a href=\"http:\/\/www.autocv.ro\/wp-content\/uploads\/2023\/04\/H1_2023.pdf\">Hot\u0103r\u00e2rea nr. 1<\/a><\/strong>, <strong><a href=\"http:\/\/www.autocv.ro\/wp-content\/uploads\/2023\/04\/H2_2023.pdf\">Hot\u0103r\u00e2rea nr. 2<\/a><\/strong> -17.02.2023;<\/p>\n\n\n\n<p class=\"has-vivid-red-color has-pale-cyan-blue-background-color has-text-color has-background\">&#8211;<strong><a href=\"http:\/\/www.autocv.ro\/wp-content\/uploads\/2023\/04\/H19_2023.pdf\">Hot\u0103r\u00e2rea nr. 19<\/a><\/strong> -15.03.2023;<\/p>\n\n\n\n<p class=\"has-vivid-red-color has-pale-cyan-blue-background-color has-text-color has-background\">&#8211;<strong><a href=\"http:\/\/www.autocv.ro\/wp-content\/uploads\/2023\/04\/H20_2023.pdf\">Hot\u0103r\u00e2rea nr. 20<\/a><\/strong> &#8211; 24.03.2023;<\/p>\n\n\n\n<p class=\"has-vivid-red-color has-pale-cyan-blue-background-color has-text-color has-background\">&#8211;<strong><a href=\"http:\/\/www.autocv.ro\/wp-content\/uploads\/2023\/04\/H21_2023.pdf\">Hot\u0103r\u00e2rea nr. 21<\/a><\/strong> &#8211; 05.04.2023;<\/p>\n\n\n\n<p class=\"has-vivid-red-color has-pale-cyan-blue-background-color has-text-color has-background\">&#8211;<strong><a href=\"http:\/\/www.autocv.ro\/wp-content\/uploads\/2023\/04\/H22_2023.pdf\">Hot\u0103r\u00e2rea nr. 22<\/a><\/strong> &#8211; 20.04.2023;<\/p>\n\n\n\n<p class=\"has-vivid-red-color has-pale-cyan-blue-background-color has-text-color has-background\">&#8211;<strong><a href=\"http:\/\/www.autocv.ro\/wp-content\/uploads\/2023\/06\/H_CA_140623.pdf\">Hot\u0103r\u00e2rea nr. 23<\/a> &#8211; 14.06.2023;<\/strong><\/p>\n\n\n\n<p class=\"has-vivid-red-color has-luminous-vivid-amber-background-color has-text-color has-background\"><strong><span style=\"color: #ff0000;\"><a href=\"http:\/\/www.autocv.ro\/wp-content\/uploads\/2019\/02\/CA2019.pdf\">Componen\u021ba Consiliului de Administra\u021bie pentru anul \u0219colar 2019-2020;<\/a><\/span><\/strong><\/p>\n\n\n\n<p class=\"has-vivid-red-color has-luminous-vivid-amber-background-color has-text-color has-background\">Hot\u0103r\u00e2ri<strong><span style=\"color: #ff0000;\"> ale Consiliului de Administra\u021bie 2017:<\/span><\/strong><\/p>\n\n\n\n<ul class=\"wp-block-list\">\n<li><a href=\"http:\/\/www.autocv.ro\/wp-content\/uploads\/2016\/02\/Hot1.pdf\">Hotararea nr.1;<\/a><\/li>\n\n\n\n<li><a href=\"http:\/\/www.autocv.ro\/wp-content\/uploads\/2016\/02\/Hot2.pdf\">Hotararea nr.2;<\/a><\/li>\n<\/ul>\n\n\n\n<p><\/p>\n","protected":false},"excerpt":{"rendered":"<p>Hot\u0103r\u00e2ri ale Consiliului de Administra\u021bie pentru anul \u0219colar 2025-2026; &#8211;Hot\u0103r\u00e2rea nr. 4 &#8211; 04.03.2026; &#8211;Hot\u0103r\u00e2rea nr. 19 -15.09.2025; &#8211;Hot\u0103r\u00e2rea nr. 20 -01.10.2025; &#8211;Hot\u0103r\u00e2rea nr. 21 24.10.2025; &#8211;Hot\u0103r\u00e2rea nr. 1 &#8211; 16.01.2026; &#8211;Hot\u0103r\u00e2rea nr. 2 -20.01.2026; &#8211;Hot\u0103r\u00e2rea nr. 3 &#8211; 06.02.2026; Hot\u0103r\u00e2ri ale Consiliului de Administra\u021bie pentru anul \u0219colar 2023-2024; &#8211;Hot\u0103r\u00e2rea nr.6 din data de 22.03.2024; [&hellip;]<\/p>\n","protected":false},"author":1,"featured_media":0,"parent":0,"menu_order":19,"comment_status":"closed","ping_status":"closed","template":"","meta":{"footnotes":"","_links_to":"","_links_to_target":""},"class_list":["post-1497","page","type-page","status-publish","hentry"],"_links":{"self":[{"href":"https:\/\/www.autocv.ro\/index.php?rest_route=\/wp\/v2\/pages\/1497","targetHints":{"allow":["GET"]}}],"collection":[{"href":"https:\/\/www.autocv.ro\/index.php?rest_route=\/wp\/v2\/pages"}],"about":[{"href":"https:\/\/www.autocv.ro\/index.php?rest_route=\/wp\/v2\/types\/page"}],"author":[{"embeddable":true,"href":"https:\/\/www.autocv.ro\/index.php?rest_route=\/wp\/v2\/users\/1"}],"replies":[{"embeddable":true,"href":"https:\/\/www.autocv.ro\/index.php?rest_route=%2Fwp%2Fv2%2Fcomments&post=1497"}],"version-history":[{"count":34,"href":"https:\/\/www.autocv.ro\/index.php?rest_route=\/wp\/v2\/pages\/1497\/revisions"}],"predecessor-version":[{"id":5851,"href":"https:\/\/www.autocv.ro\/index.php?rest_route=\/wp\/v2\/pages\/1497\/revisions\/5851"}],"wp:attachment":[{"href":"https:\/\/www.autocv.ro\/index.php?rest_route=%2Fwp%2Fv2%2Fmedia&parent=1497"}],"curies":[{"name":"wp","href":"https:\/\/api.w.org\/{rel}","templated":true}]}}