{"id":1123,"date":"2013-05-08T14:02:42","date_gmt":"2013-05-08T12:02:42","guid":{"rendered":"http:\/\/www.autocv.ro\/?page_id=1123"},"modified":"2026-03-03T10:24:58","modified_gmt":"2026-03-03T08:24:58","slug":"admitere-2013","status":"publish","type":"page","link":"https:\/\/www.autocv.ro\/?page_id=1123","title":{"rendered":"Examene 2026"},"content":{"rendered":"<div class=\"fcbkbttn_buttons_block\" id=\"fcbkbttn_left\"><div class=\"fcbkbttn_button\">\n                            <a href=\"https:\/\/www.facebook.com\/Lttauto-Craiova\" target=\"_blank\">\n                                <img decoding=\"async\" src=\"https:\/\/www.autocv.ro\/wp-content\/plugins\/facebook-button-plugin\/images\/standard-facebook-ico.png\" alt=\"Fb-Button\" \/>\n                            <\/a>\n                        <\/div><div class=\"fcbkbttn_like \"><fb:like href=\"https:\/\/www.autocv.ro\/?page_id=1123\" action=\"like\" colorscheme=\"light\" layout=\"standard\"  width=\"225px\" size=\"small\"><\/fb:like><\/div><div class=\"fb-share-button  \" data-href=\"https:\/\/www.autocv.ro\/?page_id=1123\" data-type=\"button_count\" data-size=\"small\"><\/div><\/div>\n<p class=\"has-vivid-cyan-blue-color has-luminous-vivid-amber-background-color has-text-color has-background\"><strong><span style=\"color: #ff0000;\"><a href=\"http:\/\/www.autocv.ro\/wp-content\/uploads\/2024\/03\/246-2023-2024.pdf\">Calendar Evalu\u0103ri Na\u021bionale la finalul claselor a II-a, a IV-a \u0219i a VI-a \u00een anul \u0219colar 2023-2024<\/a><\/span><\/strong><\/p>\n\n\n\n<p class=\"has-vivid-cyan-blue-color has-luminous-vivid-amber-background-color has-text-color has-background\"><span style=\"color: #339966;\"><strong>Calendar Evaluare na\u021bional\u0103 2026 clasa a II-a \u2014 EN II<\/strong><\/span><\/p>\n\n\n\n<ul class=\"wp-block-list\">\n<li>Limb\u0103 \u0219i comunicare \u2014 scris \u2014 <strong>12 mai 2026<\/strong><\/li>\n\n\n\n<li>Limb\u0103 \u0219i comunicare \u2014 scris \u2014 Limba matern\u0103-<strong>12 mai 2026<\/strong><\/li>\n\n\n\n<li>Limb\u0103 \u0219i comunicare \u2014 citit \u2014 Limba rom\u00e2n\u0103, <strong>13 mai 2026<\/strong><\/li>\n\n\n\n<li>Limb\u0103 \u0219i comunicare \u2014 citit \u2014 Limba matern\u0103, <strong>13 mai 2026<\/strong><\/li>\n\n\n\n<li>Matematic\u0103 \u0219i Explorarea mediului \u2014 <strong>14 mai 2026<\/strong><\/li>\n\n\n\n<li>Limb\u0103 \u0219i comunicare \u2014 scris \u2014 citit \u2014 Limba rom\u00e2n\u0103 pentru minorit\u0103\u021bile na\u021bionale \u2014 <strong>15 mai 2026<\/strong><\/li>\n<\/ul>\n\n\n\n<p class=\"has-vivid-purple-color has-luminous-vivid-amber-background-color has-text-color has-background\"><span style=\"color: #ff6600;\"><strong>Calendar Evaluare na\u021bional\u0103 2026 clasa a IV-a \u2014 EN IV:<\/strong><\/span><\/p>\n\n\n\n<ul class=\"wp-block-list\">\n<li>Limb\u0103 \u0219i comunicare \u2014 Limba rom\u00e2n\u0103\/Limba rom\u00e2n\u0103 pentru minorit\u0103\u021bile na\u021bionale \u2014 <strong>19 mai 2026<\/strong><\/li>\n\n\n\n<li>Matematic\u0103 \u0219i \u0218tiin\u021be ale naturii \u2014 <strong>20 mai 2026<\/strong><\/li>\n\n\n\n<li>Limb\u0103 \u0219i comunicare \u2014 Limba matern\u0103 \u2014 <strong>21 mai 2026<\/strong><\/li>\n<\/ul>\n\n\n\n<p class=\"has-vivid-cyan-blue-color has-luminous-vivid-amber-background-color has-text-color has-background\"><span style=\"color: #800080;\"><strong>Calendar Evaluare na\u021bional\u0103 2026 clasa a VI-a \u2014 EN VI:<\/strong><\/span><\/p>\n\n\n\n<ul class=\"wp-block-list\">\n<li>Limb\u0103 \u0219i comunicare \u2014 Limba rom\u00e2n\u0103\/Limba rom\u00e2n\u0103 pentru minorit\u0103\u021bile na\u021bionale \u2014 <strong>26 mai 2026<\/strong><\/li>\n\n\n\n<li>Matematic\u0103 \u0219i \u0218tiin\u021be ale naturii \u2014 <strong>27 mai 2026<\/strong><\/li>\n<\/ul>\n\n\n\n<h4 class=\"wp-block-heading has-vivid-red-color has-luminous-vivid-amber-background-color has-text-color has-background\"><span style=\"color: #ff0000;\">BAC<strong> 202<\/strong><\/span>5<\/h4>\n\n\n\n<p>&#8211;<a href=\"http:\/\/www.autocv.ro\/wp-content\/uploads\/2024\/09\/6481_2024-BACALAUREAT.pdf\">OME Nr. 6.481 privind organizarea \u0219i desf\u0103\u0219urarea examenului na\u021bional de bacalaureat &#8211; 2025;<\/a><\/p>\n\n\n\n<p>&#8211;<a href=\"http:\/\/www.autocv.ro\/wp-content\/uploads\/2020\/06\/ordin-nr.-4.441_02.06.2020_modificare-calendar-bac-2020.pdf\">Ordin nr. 4.441_02.06.2020_modificare calendar bac 2020;<\/a><\/p>\n\n\n\n<p><a href=\"http:\/\/www.autocv.ro\/wp-content\/uploads\/2013\/05\/ANEXA_ORDIN_3682_22.04_.2016_.pdf\">-Metodologia privind recunoasterea examenelor de competente lingvistice si digitale;<\/a><\/p>\n\n\n\n<p><a href=\"http:\/\/www.autocv.ro\/wp-content\/uploads\/2013\/05\/Anexa-1_lista-modificata_examene_limba-2013.pdf\">-Lista examenelor cu recunoa\u015ftere interna\u0163ional\u0103 pentru certificarea competen\u0163elor lingvistice \u00een limbi str\u0103ine;<\/a><\/p>\n\n\n\n<h3 class=\"wp-block-heading has-vivid-purple-color has-luminous-vivid-amber-background-color has-text-color has-background\"><span style=\"color: #ff0000;\"><strong>EVALUARE NA\u021aIONAL\u0102 2026<\/strong><\/span><\/h3>\n\n\n\n<p>&#8211;<a href=\"http:\/\/www.autocv.ro\/wp-content\/uploads\/2024\/09\/6479_2024-EVALUAREA-NATIONALA-VIII.pdf\">OME Nr. 6.479 privind organizarea si desf\u0103\u0219urarea evalu\u0103rii na\u021bionale pentru absolven\u021bii clasei a VIII-a, in anul \u0219colar 2024-2025<\/a><\/p>\n\n\n\n<p><a href=\"http:\/\/www.autocv.ro\/wp-content\/uploads\/2026\/03\/Anexa-fisa-de-inscriere-in-anul-scolar-2026-2027.pdf\"><strong>Fisa de \u00eenscriere in anul \u0219colar 2026-2027 admitere in clasa a IX a;<\/strong><\/a><\/p>\n\n\n\n<p><a href=\"http:\/\/www.autocv.ro\/wp-content\/uploads\/2026\/03\/Anexa-fisa-de-inscriere-in-anul-scolar-2026-2027.pdf\"><strong>Anexa fisa de \u00eenscriere \u00een anul \u0219colar 2026-2027;<\/strong><\/a><\/p>\n\n\n\n<p><a href=\"http:\/\/www.autocv.ro\/wp-content\/uploads\/2026\/03\/calendar-admitere-liceu-2026.pdf\"><strong>Calendarul \u00a0Admiterii la liceu 2026;<\/strong><\/a><\/p>\n\n\n\n<p><strong>Modele teste setul 5<\/strong> &#8211; <a href=\"http:\/\/www.autocv.ro\/wp-content\/uploads\/2020\/05\/EN_VIII_Limba_romana_Setul5.pdf\">Limba Romana<\/a>, <a href=\"http:\/\/www.autocv.ro\/wp-content\/uploads\/2020\/05\/EN_VIII_Matematica_Setul5.pdf\">Matematica<\/a>;<\/p>\n\n\n\n<p><a href=\"http:\/\/legislatie.just.ro\/Public\/DetaliiDocument\/229895\" target=\"_blank\" rel=\"noreferrer noopener\">ORDIN nr. 5.455 din 31 august 2020 privind organizarea \u0219i desf\u0103\u0219urarea evalu\u0103rii na\u021bionale pentru absolven\u021bii clasei a VIII-a \u00een anul \u0219colar 2020-2021<\/a><\/p>\n\n\n\n<p>-Modele EN2020 setul 2 &#8211; <a href=\"http:\/\/www.autocv.ro\/wp-content\/uploads\/2020\/04\/EN_2020_Limba_romana_teste.zip\">Limba romana<\/a>; <a href=\"http:\/\/www.autocv.ro\/wp-content\/uploads\/2020\/04\/EN_2020_Matematica_model.zip\">Matematica<\/a>;<\/p>\n\n\n\n<p>&#8211;<a href=\"http:\/\/www.autocv.ro\/wp-content\/uploads\/2020\/05\/Procedura-nr.-26361.pdf\">P<span style=\"font-family: Tahoma;\">rocedura-egalizare-sanse-examene-2020;<\/span><\/a><\/p>\n\n\n\n<h3 class=\"wp-block-heading has-vivid-cyan-blue-color has-luminous-vivid-amber-background-color has-text-color has-background\"><span style=\"color: #ff0000;\"><strong>ADMITERE 2025-2026<br><\/strong><\/span><\/h3>\n\n\n\n<p class=\"has-vivid-purple-color has-pale-cyan-blue-background-color has-text-color has-background\">&#8211;<strong><a href=\"http:\/\/www.autocv.ro\/wp-content\/uploads\/2024\/09\/ordin-6480-2024-admitere-inv-liceal-in-anul-scolar-2025-2026.pdf\">OME nr. 6.480\/2024 privind organizarea \u0219i desf\u0103\u0219urarea admiterii \u00een \u00eenv\u0103\u021b\u0103m\u00e2ntul liceal pentru anul \u0219colar 2025\u20142026 ;<\/a><\/strong><\/p>\n\n\n\n<p class=\"has-vivid-red-color has-light-green-cyan-background-color has-text-color has-background has-link-color wp-elements-77b7c28b597b31829b4ed2321b1cd269\"><strong><a href=\"http:\/\/www.autocv.ro\/wp-content\/uploads\/2024\/12\/OME-nr.-7426-2024.pdf\">ORDIN Nr. 7.426 privind organizarea, desf\u0103\u0219urarea si calendarul admiterii in \u00eenv\u0103\u021b\u0103m\u00e2ntul profesional si \u00eenv\u0103\u021b\u0103m\u00e2ntul dual pentru calific\u0103ri profesionale de nivel 3 si 4, conform Cadrului na\u021bional al calific\u0103rilor, pentru anul \u0219colar 2025-2026<\/a><\/strong><\/p>\n\n\n\n<p class=\"has-vivid-red-color has-luminous-vivid-amber-background-color has-text-color has-background\"><strong><a href=\"http:\/\/www.autocv.ro\/wp-content\/uploads\/2023\/04\/1_Fisa_Admitere_2023_liceu.doc\">-Fisa de \u00eenscriere liceu<\/a><a href=\"http:\/\/www.autocv.ro\/wp-content\/uploads\/2023\/03\/fisa-inscriere-liceu-2023.pdf\">;<\/a><\/strong> <a href=\"http:\/\/www.autocv.ro\/wp-content\/uploads\/2023\/03\/Anexa-la-fisa-de-inscriere-la-liceu-pentru-participarea-la-probele-de-aptitudini-sau-la-cele-de-verificare-a-cunostintelor-de-limba-moderna-sau-materna.pdf\"><strong>Anexa la fisa de \u00eenscriere la liceu pentru probele de aptitudini;<\/strong><\/a><\/p>\n\n\n\n<p class=\"has-vivid-red-color has-luminous-vivid-amber-background-color has-text-color has-background\">&#8211;<strong><a href=\"http:\/\/www.autocv.ro\/wp-content\/uploads\/2023\/09\/Admiterea-in-invatamantul-liceal-2024_2025.pdf\" data-type=\"URL\" data-id=\"http:\/\/www.autocv.ro\/wp-content\/uploads\/2023\/09\/Admiterea-in-invatamantul-liceal-2024_2025.pdf\">Ordinul 6154-admitere liceu 2024-2025;<\/a><\/strong><\/p>\n\n\n\n<p class=\"has-vivid-red-color has-luminous-vivid-amber-background-color has-text-color has-background\">&#8211;<span id=\"page749R_mcid505\" class=\"markedContent\"><span dir=\"ltr\" role=\"presentation\"><a href=\"http:\/\/www.autocv.ro\/wp-content\/uploads\/2023\/03\/Codificarea-calificarilor-pentru-Fisa-de-inscriere-in-invatamantul-profesional-si-invatamantul-dual-de-stat-2023.pdf\"><strong>Codificarea calific\u0103rilor pentru Fi\u0219a de \u00eenscriere \u00een \u00eenv\u0103\u021b\u0103m\u00e2ntul profesional \u015fi \u00eenv\u0103\u021b\u0103m\u00e2ntul dual, de stat<\/strong><\/a><\/span><\/span><\/p>\n\n\n\n<p class=\"has-vivid-red-color has-luminous-vivid-amber-background-color has-text-color has-background\">&#8211;<a href=\"http:\/\/www.autocv.ro\/wp-content\/uploads\/2023\/04\/3_Fisa_unica_inscriere_profesional-si-dual_2023.doc\">Fisa unica \u00eenv\u0103\u021b\u0103m\u00e2ntul profesional si dual;<\/a><\/p>\n\n\n\n<p><\/p>\n\n\n\n<p class=\"has-vivid-red-color has-luminous-vivid-amber-background-color has-text-color has-background\"><strong>&#8211;<a href=\"http:\/\/www.autocv.ro\/wp-content\/uploads\/2023\/03\/Fisa-de-inscriere-in-invatamantul-profesional-si-invatamantul-dual-de-stat-2023.pdf\">Fisa_unica_\u00eenscriere_profesional \u0219i dual_2023<\/a><\/strong><\/p>\n\n\n\n<p><a href=\"http:\/\/www.autocv.ro\/wp-content\/uploads\/2013\/05\/Anexa_3_PROBELE-DE-APTITUDINI_2015.pdf\">-Probe de aptitudini admitere in invatamantul liceal vocational profil invatatori-educatoare si instructor sportiv;<\/a><\/p>\n\n\n\n<p>&#8211; <a href=\"http:\/\/www.autocv.ro\/wp-content\/uploads\/2013\/05\/Anexa_2_Calcul_medie_admitere_2016.pdf\" target=\"_blank\" rel=\"noopener noreferrer\">Calcul media de admitere 2017;<\/a><\/p>\n\n\n\n<p>&#8211;<a href=\"http:\/\/www.autocv.ro\/wp-content\/uploads\/2013\/05\/Documente-_etnie-Rroma.pdf\" target=\"_self\" rel=\"noopener noreferrer\">Documente necesare inscrierii candidatilor de etnie rroma;<\/a><\/p>\n\n\n\n<p><\/p>\n","protected":false},"excerpt":{"rendered":"<p>Calendar Evalu\u0103ri Na\u021bionale la finalul claselor a II-a, a IV-a \u0219i a VI-a \u00een anul \u0219colar 2023-2024 Calendar Evaluare na\u021bional\u0103 2026 clasa a II-a \u2014 EN II Calendar Evaluare na\u021bional\u0103 2026 clasa a IV-a \u2014 EN IV: Calendar Evaluare na\u021bional\u0103 2026 clasa a VI-a \u2014 EN VI: BAC 2025 &#8211;OME Nr. 6.481 privind organizarea \u0219i [&hellip;]<\/p>\n","protected":false},"author":1,"featured_media":0,"parent":0,"menu_order":2,"comment_status":"closed","ping_status":"closed","template":"","meta":{"footnotes":"","_links_to":"","_links_to_target":""},"class_list":["post-1123","page","type-page","status-publish","hentry"],"_links":{"self":[{"href":"https:\/\/www.autocv.ro\/index.php?rest_route=\/wp\/v2\/pages\/1123","targetHints":{"allow":["GET"]}}],"collection":[{"href":"https:\/\/www.autocv.ro\/index.php?rest_route=\/wp\/v2\/pages"}],"about":[{"href":"https:\/\/www.autocv.ro\/index.php?rest_route=\/wp\/v2\/types\/page"}],"author":[{"embeddable":true,"href":"https:\/\/www.autocv.ro\/index.php?rest_route=\/wp\/v2\/users\/1"}],"replies":[{"embeddable":true,"href":"https:\/\/www.autocv.ro\/index.php?rest_route=%2Fwp%2Fv2%2Fcomments&post=1123"}],"version-history":[{"count":178,"href":"https:\/\/www.autocv.ro\/index.php?rest_route=\/wp\/v2\/pages\/1123\/revisions"}],"predecessor-version":[{"id":5838,"href":"https:\/\/www.autocv.ro\/index.php?rest_route=\/wp\/v2\/pages\/1123\/revisions\/5838"}],"wp:attachment":[{"href":"https:\/\/www.autocv.ro\/index.php?rest_route=%2Fwp%2Fv2%2Fmedia&parent=1123"}],"curies":[{"name":"wp","href":"https:\/\/api.w.org\/{rel}","templated":true}]}}