{"id":1059,"date":"2013-03-18T10:33:04","date_gmt":"2013-03-18T08:33:04","guid":{"rendered":"http:\/\/www.autocv.ro\/?page_id=1059"},"modified":"2026-03-31T05:35:52","modified_gmt":"2026-03-31T03:35:52","slug":"1059-2","status":"publish","type":"page","link":"https:\/\/www.autocv.ro\/?page_id=1059","title":{"rendered":"Preg\u0103titoare 2026"},"content":{"rendered":"<div class=\"fcbkbttn_buttons_block\" id=\"fcbkbttn_left\"><div class=\"fcbkbttn_button\">\n                            <a href=\"https:\/\/www.facebook.com\/Lttauto-Craiova\" target=\"_blank\">\n                                <img decoding=\"async\" src=\"https:\/\/www.autocv.ro\/wp-content\/plugins\/facebook-button-plugin\/images\/standard-facebook-ico.png\" alt=\"Fb-Button\" \/>\n                            <\/a>\n                        <\/div><div class=\"fcbkbttn_like \"><fb:like href=\"https:\/\/www.autocv.ro\/?page_id=1059\" action=\"like\" colorscheme=\"light\" layout=\"standard\"  width=\"225px\" size=\"small\"><\/fb:like><\/div><div class=\"fb-share-button  \" data-href=\"https:\/\/www.autocv.ro\/?page_id=1059\" data-type=\"button_count\" data-size=\"small\"><\/div><\/div>\n<p class=\"has-vivid-cyan-blue-color has-luminous-vivid-amber-background-color has-text-color has-background\"><strong>&#8211;<a href=\"http:\/\/www.autocv.ro\/wp-content\/uploads\/2026\/02\/calendar2026.pdf\">Calendar \u00eenscriere 2026;<\/a><\/strong><\/p>\n\n\n\n<p class=\"has-vivid-red-color has-luminous-vivid-amber-background-color has-text-color has-background\"><strong>&#8211;<a href=\"http:\/\/www.autocv.ro\/wp-content\/uploads\/2026\/03\/Cerere-tip-inscriere-clasa-pregatitoare-2026-Etapa-I.pdf\">Cerere tip &#8211; \u00censcriere Clasa Preg\u0103titoare &#8211; 2026<\/a><\/strong><\/p>\n\n\n\n<p class=\"has-vivid-red-color has-luminous-vivid-amber-background-color has-text-color has-background\"><a href=\"http:\/\/www.autocv.ro\/wp-content\/uploads\/2022\/04\/Anexa-nr.-3-1-1-3.pdf\"><strong>-Declara\u021bia pe propria r\u0103spundere;<\/strong><\/a><\/p>\n\n\n\n<p class=\"has-vivid-red-color has-luminous-vivid-amber-background-color has-text-color has-background\"><a href=\"http:\/\/www.autocv.ro\/wp-content\/uploads\/2022\/04\/Anexa-1-2-1.pdf\">&#8211;<strong>Solicitarea p\u0103rintelui pentru ob\u021binerea recomand\u0103rii de la gr\u0103dini\u021b\u0103;<\/strong><\/a><\/p>\n\n\n\n<p class=\"has-vivid-red-color has-luminous-vivid-amber-background-color has-text-color has-background\"><a href=\"http:\/\/www.autocv.ro\/wp-content\/uploads\/2022\/04\/Documente-necesare-inscrierii-in-clasa-pregatitoare-anul-scolar-2022.pdf\">-Acte Dosarul de \u00eenscriere;<\/a><\/p>\n\n\n\n<p class=\"has-vivid-red-color has-luminous-vivid-amber-background-color has-text-color has-background\">&#8211;<strong>Metodologia <\/strong>de \u00eenscriere a copiilor \u00een \u00eenv\u0103\u0163\u0103m\u00e2ntul primar pentru anul \u015fcolar <strong>2022-2023<\/strong>;<\/p>\n\n\n\n<p class=\"has-vivid-red-color has-luminous-vivid-amber-background-color has-text-color has-background\"><strong>&#8211; <a href=\"http:\/\/www.autocv.ro\/wp-content\/uploads\/2021\/03\/Arondare-strazi.pdf\">Arondare str\u0103zi Prim\u0103ria Craiova<\/a> ;<\/strong><\/p>\n\n\n\n<p class=\"has-vivid-red-color has-luminous-vivid-amber-background-color has-text-color has-background\"><a href=\"http:\/\/www.autocv.ro\/wp-content\/uploads\/2013\/03\/LTTA-Clasa-Pregatitoare.pdf\"><strong>&#8211; Prezentare Liceul Tehnologic de Transp. Auto Craiova <\/strong><\/a><\/p>\n","protected":false},"excerpt":{"rendered":"<p>&#8211;Calendar \u00eenscriere 2026; &#8211;Cerere tip &#8211; \u00censcriere Clasa Preg\u0103titoare &#8211; 2026 -Declara\u021bia pe propria r\u0103spundere; &#8211;Solicitarea p\u0103rintelui pentru ob\u021binerea recomand\u0103rii de la gr\u0103dini\u021b\u0103; -Acte Dosarul de \u00eenscriere; &#8211;Metodologia de \u00eenscriere a copiilor \u00een \u00eenv\u0103\u0163\u0103m\u00e2ntul primar pentru anul \u015fcolar 2022-2023; &#8211; Arondare str\u0103zi Prim\u0103ria Craiova ; &#8211; Prezentare Liceul Tehnologic de Transp. Auto Craiova<\/p>\n","protected":false},"author":1,"featured_media":0,"parent":0,"menu_order":3,"comment_status":"closed","ping_status":"closed","template":"","meta":{"footnotes":"","_links_to":"","_links_to_target":""},"class_list":["post-1059","page","type-page","status-publish","hentry"],"_links":{"self":[{"href":"https:\/\/www.autocv.ro\/index.php?rest_route=\/wp\/v2\/pages\/1059","targetHints":{"allow":["GET"]}}],"collection":[{"href":"https:\/\/www.autocv.ro\/index.php?rest_route=\/wp\/v2\/pages"}],"about":[{"href":"https:\/\/www.autocv.ro\/index.php?rest_route=\/wp\/v2\/types\/page"}],"author":[{"embeddable":true,"href":"https:\/\/www.autocv.ro\/index.php?rest_route=\/wp\/v2\/users\/1"}],"replies":[{"embeddable":true,"href":"https:\/\/www.autocv.ro\/index.php?rest_route=%2Fwp%2Fv2%2Fcomments&post=1059"}],"version-history":[{"count":93,"href":"https:\/\/www.autocv.ro\/index.php?rest_route=\/wp\/v2\/pages\/1059\/revisions"}],"predecessor-version":[{"id":5855,"href":"https:\/\/www.autocv.ro\/index.php?rest_route=\/wp\/v2\/pages\/1059\/revisions\/5855"}],"wp:attachment":[{"href":"https:\/\/www.autocv.ro\/index.php?rest_route=%2Fwp%2Fv2%2Fmedia&parent=1059"}],"curies":[{"name":"wp","href":"https:\/\/api.w.org\/{rel}","templated":true}]}}